{"id":2127,"date":"2013-02-19T14:39:31","date_gmt":"2013-02-19T14:39:31","guid":{"rendered":"http:\/\/karmatrails.com\/?page_id=2127"},"modified":"2023-03-09T19:17:49","modified_gmt":"2023-03-09T19:17:49","slug":"tour-operator-messico","status":"publish","type":"page","link":"https:\/\/karmatrails.com\/it\/tour-operator-messico\/","title":{"rendered":"Chi Siamo"},"content":{"rendered":"<div id=\"pl-2127\"  class=\"panel-layout\" >\n<div id=\"pg-2127-0\"  class=\"panel-grid panel-no-style\" >\n<div id=\"pgc-2127-0-0\"  class=\"panel-grid-cell\" >\n<div id=\"panel-2127-0-0-0\" class=\"so-panel widget widget_sow-editor panel-first-child panel-last-child\" data-index=\"0\" >\n<div\n\t\t\t\n\t\t\tclass=\"so-widget-sow-editor so-widget-sow-editor-base\"\n\t\t\t\n\t\t><\/p>\n<div class=\"siteorigin-widget-tinymce textwidget\">\n<p>Siamo un Tour Operator in\u00a0Messico, specializzato nell\u2019organizzazione di viaggi su misura, tours personalizzati e vacanze in tutto il territorio Messicano.<\/p>\n<p>La profonda conoscenza della destinazione, l\u2018esperienza maturata sul territorio nel corso degli anni, la meticolosa attenzione alla scelta dei servizi e dei migliori partners locali, ci permettono di definirci \u201cEsperti del <a href=\"https:\/\/it.wikipedia.org\/wiki\/Messico\">Messico<\/a>\u201d, garantendo costantemente l\u2019alta qualit\u00e0 dei servizi e l\u2019attenzione personalizzata che riserviamo a tutti i nostri clienti diretti e a quelli dei tour operator e agenzie a livello mondiale che ci hanno scelto come loro corrispondente in Messico.<\/p>\n<p>Tra le nostre offerte includiamo servizi turistici di ogni tipo, quali <a href=\"http:\/\/karmatrails.com\/it\/viaggio-su-misura-messico\/\">viaggi su misura<\/a>, viaggi di nozze, <a href=\"http:\/\/karmatrails.com\/it\/dmc-messico-tour-operator-incoming\/meetings-incentives\/\">viaggi Incentive <\/a>e <a href=\"http:\/\/karmatrails.com\/it\/holiday_locations\/tour-yucatan\/\">tours in Yucatan<\/a>, <a href=\"http:\/\/karmatrails.com\/it\/holiday_locations\/tour-chiapas\/\">tours in Chiapas<\/a>, a <a href=\"http:\/\/karmatrails.com\/it\/holiday_locations\/tour-messico\/\">Citt\u00e0 del Messico<\/a>, in <a href=\"http:\/\/karmatrails.com\/it\/holiday_locations\/tours-bassa-california\/\">Bassa California<\/a>, <a href=\"http:\/\/karmatrails.com\/it\/holiday_locations\/barrancas-del-cobre\/\">Barrancas del Cobre<\/a> e <a href=\"http:\/\/karmatrails.com\/it\/holiday_locations\/tours-playa-del-carmen\/\">escursioni in Riviera Maya<\/a>, oltrech\u00e9 prenotazioni hotels, villaggi turistici e <a href=\"http:\/\/karmatrails.com\/it\/trasferimenti\/\">trasferimenti da e per i principali aeroporti del Messico<\/a>.<\/p>\n<p><img loading=\"lazy\" decoding=\"async\" class=\"alignnone wp-image-39604 size-large\" src=\"http:\/\/karmatrails.com\/wp-content\/uploads\/2015\/04\/New-Logo-KT-Orizontal-1024x213.png\" alt=\"Tour Operator Messico\" width=\"1024\" height=\"213\" \/><\/p>\n<h3 style=\"text-align: center;\">TOUR OPERATOR MESSICO &#8211; KARMA TRAILS<\/h3>\n<p>&nbsp;<\/p>\n<h3 style=\"text-align: center;\"><strong>LA NOSTRA MISSIONE <\/strong><\/h3>\n<p>Brindar una oferta integral y competitiva de excelentes servicios tur\u00edsticos a empresas de turismo y clientes directos que eligen los destinos que representamos, manteniendo constantemente el enfoque en el crecimiento de la empresa, generando valor para los accionistas y beneficios para los colaboradores.<\/p>\n<h3><\/h3>\n<h3 style=\"text-align: center;\"><strong>LA NOSTRA VISIONE<\/strong><\/h3>\n<p>&nbsp;<\/p>\n<p>Ser identificados a nivel internacional como los mejores expertos locales de destinos tur\u00edsticos, preferidos por la innovaci\u00f3n, adaptabilidad y calidad en el servicio. Un equipo de confiables profesionales especializados en la confecci\u00f3n integral de experiencias de viajes personalizadas \u00a1!!<strong>\u00a0<\/strong><\/p>\n<p>&nbsp;<\/p>\n<p>&nbsp;<\/p>\n<p>&nbsp;<\/p>\n<p>&nbsp;<\/p>\n<p>&nbsp;<\/p>\n<\/div>\n<\/div>\n<\/div>\n<\/div>\n<\/div>\n<\/div>\n","protected":false},"excerpt":{"rendered":"<p>Siamo un Tour Operator in\u00a0Messico, specializzato nell\u2019organizzazione di viaggi su misura, tours personalizzati e vacanze in tutto il territorio Messicano. La profonda conoscenza della destinazione, l\u2018esperienza maturata sul territorio nel corso degli anni, la meticolosa attenzione alla scelta dei servizi e dei migliori partners&#8230;<\/p>\n","protected":false},"author":5,"featured_media":0,"parent":0,"menu_order":0,"comment_status":"closed","ping_status":"closed","template":"","meta":{"footnotes":""},"class_list":["post-2127","page","type-page","status-publish","hentry"],"yoast_head":"<!-- This site is optimized with the Yoast SEO plugin v24.3 - https:\/\/yoast.com\/wordpress\/plugins\/seo\/ -->\n<title>Tour Operator Messico, DMC,Viaggi su Misura,Escursioni con Karma Trails<\/title>\n<meta name=\"description\" content=\"Tour Operator Messico, DMC, specializzato in Viaggi Su Misura, Tour personalizzati in Yucatan, Chiapas, Citt\u00e0 del Messico, Escursioni Riviera Maya e Cancun\" \/>\n<meta name=\"robots\" content=\"index, follow, max-snippet:-1, max-image-preview:large, max-video-preview:-1\" \/>\n<link rel=\"canonical\" href=\"https:\/\/karmatrails.com\/it\/tour-operator-messico\/\" \/>\n<meta property=\"og:locale\" content=\"it_IT\" \/>\n<meta property=\"og:type\" content=\"article\" \/>\n<meta property=\"og:title\" content=\"Tour Operator Messico, DMC,Viaggi su Misura,Escursioni con Karma Trails\" \/>\n<meta property=\"og:description\" content=\"Tour Operator Messico, DMC, specializzato in Viaggi Su Misura, Tour personalizzati in Yucatan, Chiapas, Citt\u00e0 del Messico, Escursioni Riviera Maya e Cancun\" \/>\n<meta property=\"og:url\" content=\"https:\/\/karmatrails.com\/it\/tour-operator-messico\/\" \/>\n<meta property=\"og:site_name\" content=\"Karma Trails DMC\" \/>\n<meta property=\"article:publisher\" content=\"https:\/\/www.facebook.com\/karmatrails\/\" \/>\n<meta property=\"article:modified_time\" content=\"2023-03-09T19:17:49+00:00\" \/>\n<meta property=\"og:image\" content=\"http:\/\/karmatrails.com\/wp-content\/uploads\/2015\/04\/New-Logo-KT-Orizontal-1024x213.png\" \/>\n<meta name=\"twitter:label1\" content=\"Tempo di lettura stimato\" \/>\n\t<meta name=\"twitter:data1\" content=\"1 minuto\" \/>\n<script type=\"application\/ld+json\" class=\"yoast-schema-graph\">{\"@context\":\"https:\/\/schema.org\",\"@graph\":[{\"@type\":\"WebPage\",\"@id\":\"https:\/\/karmatrails.com\/it\/tour-operator-messico\/\",\"url\":\"https:\/\/karmatrails.com\/it\/tour-operator-messico\/\",\"name\":\"Tour Operator Messico, DMC,Viaggi su Misura,Escursioni con Karma Trails\",\"isPartOf\":{\"@id\":\"https:\/\/karmatrails.com\/#website\"},\"primaryImageOfPage\":{\"@id\":\"https:\/\/karmatrails.com\/it\/tour-operator-messico\/#primaryimage\"},\"image\":{\"@id\":\"https:\/\/karmatrails.com\/it\/tour-operator-messico\/#primaryimage\"},\"thumbnailUrl\":\"http:\/\/karmatrails.com\/wp-content\/uploads\/2015\/04\/New-Logo-KT-Orizontal-1024x213.png\",\"datePublished\":\"2013-02-19T14:39:31+00:00\",\"dateModified\":\"2023-03-09T19:17:49+00:00\",\"description\":\"Tour Operator Messico, DMC, specializzato in Viaggi Su Misura, Tour personalizzati in Yucatan, Chiapas, Citt\u00e0 del Messico, Escursioni Riviera Maya e Cancun\",\"breadcrumb\":{\"@id\":\"https:\/\/karmatrails.com\/it\/tour-operator-messico\/#breadcrumb\"},\"inLanguage\":\"it-IT\",\"potentialAction\":[{\"@type\":\"ReadAction\",\"target\":[\"https:\/\/karmatrails.com\/it\/tour-operator-messico\/\"]}]},{\"@type\":\"ImageObject\",\"inLanguage\":\"it-IT\",\"@id\":\"https:\/\/karmatrails.com\/it\/tour-operator-messico\/#primaryimage\",\"url\":\"http:\/\/karmatrails.com\/wp-content\/uploads\/2015\/04\/New-Logo-KT-Orizontal-1024x213.png\",\"contentUrl\":\"http:\/\/karmatrails.com\/wp-content\/uploads\/2015\/04\/New-Logo-KT-Orizontal-1024x213.png\"},{\"@type\":\"BreadcrumbList\",\"@id\":\"https:\/\/karmatrails.com\/it\/tour-operator-messico\/#breadcrumb\",\"itemListElement\":[{\"@type\":\"ListItem\",\"position\":1,\"name\":\"Home\",\"item\":\"https:\/\/karmatrails.com\/it\/\"},{\"@type\":\"ListItem\",\"position\":2,\"name\":\"Chi Siamo\"}]},{\"@type\":\"WebSite\",\"@id\":\"https:\/\/karmatrails.com\/#website\",\"url\":\"https:\/\/karmatrails.com\/\",\"name\":\"Karma Trails DMC\",\"description\":\"Tailor Made Tours Specialists\",\"potentialAction\":[{\"@type\":\"SearchAction\",\"target\":{\"@type\":\"EntryPoint\",\"urlTemplate\":\"https:\/\/karmatrails.com\/?s={search_term_string}\"},\"query-input\":{\"@type\":\"PropertyValueSpecification\",\"valueRequired\":true,\"valueName\":\"search_term_string\"}}],\"inLanguage\":\"it-IT\"}]}<\/script>\n<!-- \/ Yoast SEO plugin. -->","yoast_head_json":{"title":"Tour Operator Messico, DMC,Viaggi su Misura,Escursioni con Karma Trails","description":"Tour Operator Messico, DMC, specializzato in Viaggi Su Misura, Tour personalizzati in Yucatan, Chiapas, Citt\u00e0 del Messico, Escursioni Riviera Maya e Cancun","robots":{"index":"index","follow":"follow","max-snippet":"max-snippet:-1","max-image-preview":"max-image-preview:large","max-video-preview":"max-video-preview:-1"},"canonical":"https:\/\/karmatrails.com\/it\/tour-operator-messico\/","og_locale":"it_IT","og_type":"article","og_title":"Tour Operator Messico, DMC,Viaggi su Misura,Escursioni con Karma Trails","og_description":"Tour Operator Messico, DMC, specializzato in Viaggi Su Misura, Tour personalizzati in Yucatan, Chiapas, Citt\u00e0 del Messico, Escursioni Riviera Maya e Cancun","og_url":"https:\/\/karmatrails.com\/it\/tour-operator-messico\/","og_site_name":"Karma Trails DMC","article_publisher":"https:\/\/www.facebook.com\/karmatrails\/","article_modified_time":"2023-03-09T19:17:49+00:00","og_image":[{"url":"http:\/\/karmatrails.com\/wp-content\/uploads\/2015\/04\/New-Logo-KT-Orizontal-1024x213.png","type":"","width":"","height":""}],"twitter_misc":{"Tempo di lettura stimato":"1 minuto"},"schema":{"@context":"https:\/\/schema.org","@graph":[{"@type":"WebPage","@id":"https:\/\/karmatrails.com\/it\/tour-operator-messico\/","url":"https:\/\/karmatrails.com\/it\/tour-operator-messico\/","name":"Tour Operator Messico, DMC,Viaggi su Misura,Escursioni con Karma Trails","isPartOf":{"@id":"https:\/\/karmatrails.com\/#website"},"primaryImageOfPage":{"@id":"https:\/\/karmatrails.com\/it\/tour-operator-messico\/#primaryimage"},"image":{"@id":"https:\/\/karmatrails.com\/it\/tour-operator-messico\/#primaryimage"},"thumbnailUrl":"http:\/\/karmatrails.com\/wp-content\/uploads\/2015\/04\/New-Logo-KT-Orizontal-1024x213.png","datePublished":"2013-02-19T14:39:31+00:00","dateModified":"2023-03-09T19:17:49+00:00","description":"Tour Operator Messico, DMC, specializzato in Viaggi Su Misura, Tour personalizzati in Yucatan, Chiapas, Citt\u00e0 del Messico, Escursioni Riviera Maya e Cancun","breadcrumb":{"@id":"https:\/\/karmatrails.com\/it\/tour-operator-messico\/#breadcrumb"},"inLanguage":"it-IT","potentialAction":[{"@type":"ReadAction","target":["https:\/\/karmatrails.com\/it\/tour-operator-messico\/"]}]},{"@type":"ImageObject","inLanguage":"it-IT","@id":"https:\/\/karmatrails.com\/it\/tour-operator-messico\/#primaryimage","url":"http:\/\/karmatrails.com\/wp-content\/uploads\/2015\/04\/New-Logo-KT-Orizontal-1024x213.png","contentUrl":"http:\/\/karmatrails.com\/wp-content\/uploads\/2015\/04\/New-Logo-KT-Orizontal-1024x213.png"},{"@type":"BreadcrumbList","@id":"https:\/\/karmatrails.com\/it\/tour-operator-messico\/#breadcrumb","itemListElement":[{"@type":"ListItem","position":1,"name":"Home","item":"https:\/\/karmatrails.com\/it\/"},{"@type":"ListItem","position":2,"name":"Chi Siamo"}]},{"@type":"WebSite","@id":"https:\/\/karmatrails.com\/#website","url":"https:\/\/karmatrails.com\/","name":"Karma Trails DMC","description":"Tailor Made Tours Specialists","potentialAction":[{"@type":"SearchAction","target":{"@type":"EntryPoint","urlTemplate":"https:\/\/karmatrails.com\/?s={search_term_string}"},"query-input":{"@type":"PropertyValueSpecification","valueRequired":true,"valueName":"search_term_string"}}],"inLanguage":"it-IT"}]}},"_links":{"self":[{"href":"https:\/\/karmatrails.com\/it\/wp-json\/wp\/v2\/pages\/2127","targetHints":{"allow":["GET"]}}],"collection":[{"href":"https:\/\/karmatrails.com\/it\/wp-json\/wp\/v2\/pages"}],"about":[{"href":"https:\/\/karmatrails.com\/it\/wp-json\/wp\/v2\/types\/page"}],"author":[{"embeddable":true,"href":"https:\/\/karmatrails.com\/it\/wp-json\/wp\/v2\/users\/5"}],"replies":[{"embeddable":true,"href":"https:\/\/karmatrails.com\/it\/wp-json\/wp\/v2\/comments?post=2127"}],"version-history":[{"count":60,"href":"https:\/\/karmatrails.com\/it\/wp-json\/wp\/v2\/pages\/2127\/revisions"}],"predecessor-version":[{"id":74170,"href":"https:\/\/karmatrails.com\/it\/wp-json\/wp\/v2\/pages\/2127\/revisions\/74170"}],"wp:attachment":[{"href":"https:\/\/karmatrails.com\/it\/wp-json\/wp\/v2\/media?parent=2127"}],"curies":[{"name":"wp","href":"https:\/\/api.w.org\/{rel}","templated":true}]}}