{"id":2082,"date":"2014-07-31T22:22:58","date_gmt":"2014-07-31T22:22:58","guid":{"rendered":"http:\/\/karmatrails.com\/?page_id=2082"},"modified":"2025-09-09T17:30:44","modified_gmt":"2025-09-09T17:30:44","slug":"trasporti-mezzi","status":"publish","type":"page","link":"https:\/\/karmatrails.com\/it\/dmc-messico-tour-operator-incoming\/trasporti-mezzi\/","title":{"rendered":"Trasporti"},"content":{"rendered":"<p><strong>Karmatrails DMC<\/strong> dispone di un dipartimento di trasporti interno che si occupa esclusivamente della gestione di qualsiasi tipologia di trasferimento terrestre, marittimo e aereo.<\/p>\n<p>Disponiamo di mezzi di trasporto di varie dimensioni e capacit\u00e0, che selezioniamo insieme ai nostri partner secondo i parametri fondamentali di affidabilit\u00e0, sicurezza e confort. Gli stessi vengono costantemente sottoposti ai controlli di qualit\u00e0 necessari e rispondono completamente alle normative locali stabilite dal ministero del turismo.<\/p>\n<p>L\u2019esperienza ultra-decennale e la professionalit\u00e0\u2019 del personale di bordo rendono qualunque viaggio piacevole e rilassante.<\/p>\n<p>Per tutti i trasferimenti da e per gli aeroporti, prevediamo sempre la presenza di un nostro rappresentante, che si occupa di accogliere e assistere i passeggeri e di indirizzarli al mezzo di trasporto pre-assegnato.<\/p>\n<p>Contatto Professionale: <a href=\"mailto:b2b@karmatrails.com\">b2b@karmatrails.com<\/a><\/p>\n<p>&nbsp;<\/p>\n<h2><strong>I nostri Veicoli: <\/strong><\/h2>\n","protected":false},"excerpt":{"rendered":"<p>Karmatrails DMC dispone di un dipartimento di trasporti interno che si occupa esclusivamente della gestione di qualsiasi tipologia di trasferimento terrestre, marittimo e aereo. Disponiamo di mezzi di trasporto di varie dimensioni e capacit\u00e0, che selezioniamo insieme ai nostri partner secondo i parametri fondamentali&#8230;<\/p>\n","protected":false},"author":5,"featured_media":0,"parent":2054,"menu_order":0,"comment_status":"open","ping_status":"open","template":"template-transportation.php","meta":{"footnotes":""},"class_list":["post-2082","page","type-page","status-publish","hentry"],"yoast_head":"<!-- This site is optimized with the Yoast SEO plugin v24.3 - https:\/\/yoast.com\/wordpress\/plugins\/seo\/ -->\n<title>Trasporti - Karma Trails DMC<\/title>\n<meta name=\"robots\" content=\"index, follow, max-snippet:-1, max-image-preview:large, max-video-preview:-1\" \/>\n<link rel=\"canonical\" href=\"https:\/\/karmatrails.com\/it\/dmc-messico-tour-operator-incoming\/trasporti-mezzi\/\" \/>\n<meta property=\"og:locale\" content=\"it_IT\" \/>\n<meta property=\"og:type\" content=\"article\" \/>\n<meta property=\"og:title\" content=\"Trasporti - Karma Trails DMC\" \/>\n<meta property=\"og:description\" content=\"Karmatrails DMC dispone di un dipartimento di trasporti interno che si occupa esclusivamente della gestione di qualsiasi tipologia di trasferimento terrestre, marittimo e aereo. Disponiamo di mezzi di trasporto di varie dimensioni e capacit\u00e0, che selezioniamo insieme ai nostri partner secondo i parametri fondamentali...\" \/>\n<meta property=\"og:url\" content=\"https:\/\/karmatrails.com\/it\/dmc-messico-tour-operator-incoming\/trasporti-mezzi\/\" \/>\n<meta property=\"og:site_name\" content=\"Karma Trails DMC\" \/>\n<meta property=\"article:publisher\" content=\"https:\/\/www.facebook.com\/karmatrails\/\" \/>\n<meta property=\"article:modified_time\" content=\"2025-09-09T17:30:44+00:00\" \/>\n<meta name=\"twitter:label1\" content=\"Tempo di lettura stimato\" \/>\n\t<meta name=\"twitter:data1\" content=\"1 minuto\" \/>\n<script type=\"application\/ld+json\" class=\"yoast-schema-graph\">{\"@context\":\"https:\/\/schema.org\",\"@graph\":[{\"@type\":\"WebPage\",\"@id\":\"https:\/\/karmatrails.com\/it\/dmc-messico-tour-operator-incoming\/trasporti-mezzi\/\",\"url\":\"https:\/\/karmatrails.com\/it\/dmc-messico-tour-operator-incoming\/trasporti-mezzi\/\",\"name\":\"Trasporti - Karma Trails DMC\",\"isPartOf\":{\"@id\":\"https:\/\/karmatrails.com\/#website\"},\"datePublished\":\"2014-07-31T22:22:58+00:00\",\"dateModified\":\"2025-09-09T17:30:44+00:00\",\"breadcrumb\":{\"@id\":\"https:\/\/karmatrails.com\/it\/dmc-messico-tour-operator-incoming\/trasporti-mezzi\/#breadcrumb\"},\"inLanguage\":\"it-IT\",\"potentialAction\":[{\"@type\":\"ReadAction\",\"target\":[\"https:\/\/karmatrails.com\/it\/dmc-messico-tour-operator-incoming\/trasporti-mezzi\/\"]}]},{\"@type\":\"BreadcrumbList\",\"@id\":\"https:\/\/karmatrails.com\/it\/dmc-messico-tour-operator-incoming\/trasporti-mezzi\/#breadcrumb\",\"itemListElement\":[{\"@type\":\"ListItem\",\"position\":1,\"name\":\"Home\",\"item\":\"https:\/\/karmatrails.com\/it\/\"},{\"@type\":\"ListItem\",\"position\":2,\"name\":\"DMC Messico\",\"item\":\"https:\/\/karmatrails.com\/it\/dmc-messico-tour-operator-incoming\/\"},{\"@type\":\"ListItem\",\"position\":3,\"name\":\"Trasporti\"}]},{\"@type\":\"WebSite\",\"@id\":\"https:\/\/karmatrails.com\/#website\",\"url\":\"https:\/\/karmatrails.com\/\",\"name\":\"Karma Trails DMC\",\"description\":\"Tailor Made Tours Specialists\",\"potentialAction\":[{\"@type\":\"SearchAction\",\"target\":{\"@type\":\"EntryPoint\",\"urlTemplate\":\"https:\/\/karmatrails.com\/?s={search_term_string}\"},\"query-input\":{\"@type\":\"PropertyValueSpecification\",\"valueRequired\":true,\"valueName\":\"search_term_string\"}}],\"inLanguage\":\"it-IT\"}]}<\/script>\n<!-- \/ Yoast SEO plugin. -->","yoast_head_json":{"title":"Trasporti - Karma Trails DMC","robots":{"index":"index","follow":"follow","max-snippet":"max-snippet:-1","max-image-preview":"max-image-preview:large","max-video-preview":"max-video-preview:-1"},"canonical":"https:\/\/karmatrails.com\/it\/dmc-messico-tour-operator-incoming\/trasporti-mezzi\/","og_locale":"it_IT","og_type":"article","og_title":"Trasporti - Karma Trails DMC","og_description":"Karmatrails DMC dispone di un dipartimento di trasporti interno che si occupa esclusivamente della gestione di qualsiasi tipologia di trasferimento terrestre, marittimo e aereo. Disponiamo di mezzi di trasporto di varie dimensioni e capacit\u00e0, che selezioniamo insieme ai nostri partner secondo i parametri fondamentali...","og_url":"https:\/\/karmatrails.com\/it\/dmc-messico-tour-operator-incoming\/trasporti-mezzi\/","og_site_name":"Karma Trails DMC","article_publisher":"https:\/\/www.facebook.com\/karmatrails\/","article_modified_time":"2025-09-09T17:30:44+00:00","twitter_misc":{"Tempo di lettura stimato":"1 minuto"},"schema":{"@context":"https:\/\/schema.org","@graph":[{"@type":"WebPage","@id":"https:\/\/karmatrails.com\/it\/dmc-messico-tour-operator-incoming\/trasporti-mezzi\/","url":"https:\/\/karmatrails.com\/it\/dmc-messico-tour-operator-incoming\/trasporti-mezzi\/","name":"Trasporti - Karma Trails DMC","isPartOf":{"@id":"https:\/\/karmatrails.com\/#website"},"datePublished":"2014-07-31T22:22:58+00:00","dateModified":"2025-09-09T17:30:44+00:00","breadcrumb":{"@id":"https:\/\/karmatrails.com\/it\/dmc-messico-tour-operator-incoming\/trasporti-mezzi\/#breadcrumb"},"inLanguage":"it-IT","potentialAction":[{"@type":"ReadAction","target":["https:\/\/karmatrails.com\/it\/dmc-messico-tour-operator-incoming\/trasporti-mezzi\/"]}]},{"@type":"BreadcrumbList","@id":"https:\/\/karmatrails.com\/it\/dmc-messico-tour-operator-incoming\/trasporti-mezzi\/#breadcrumb","itemListElement":[{"@type":"ListItem","position":1,"name":"Home","item":"https:\/\/karmatrails.com\/it\/"},{"@type":"ListItem","position":2,"name":"DMC Messico","item":"https:\/\/karmatrails.com\/it\/dmc-messico-tour-operator-incoming\/"},{"@type":"ListItem","position":3,"name":"Trasporti"}]},{"@type":"WebSite","@id":"https:\/\/karmatrails.com\/#website","url":"https:\/\/karmatrails.com\/","name":"Karma Trails DMC","description":"Tailor Made Tours Specialists","potentialAction":[{"@type":"SearchAction","target":{"@type":"EntryPoint","urlTemplate":"https:\/\/karmatrails.com\/?s={search_term_string}"},"query-input":{"@type":"PropertyValueSpecification","valueRequired":true,"valueName":"search_term_string"}}],"inLanguage":"it-IT"}]}},"_links":{"self":[{"href":"https:\/\/karmatrails.com\/it\/wp-json\/wp\/v2\/pages\/2082","targetHints":{"allow":["GET"]}}],"collection":[{"href":"https:\/\/karmatrails.com\/it\/wp-json\/wp\/v2\/pages"}],"about":[{"href":"https:\/\/karmatrails.com\/it\/wp-json\/wp\/v2\/types\/page"}],"author":[{"embeddable":true,"href":"https:\/\/karmatrails.com\/it\/wp-json\/wp\/v2\/users\/5"}],"replies":[{"embeddable":true,"href":"https:\/\/karmatrails.com\/it\/wp-json\/wp\/v2\/comments?post=2082"}],"version-history":[{"count":8,"href":"https:\/\/karmatrails.com\/it\/wp-json\/wp\/v2\/pages\/2082\/revisions"}],"predecessor-version":[{"id":9398,"href":"https:\/\/karmatrails.com\/it\/wp-json\/wp\/v2\/pages\/2082\/revisions\/9398"}],"up":[{"embeddable":true,"href":"https:\/\/karmatrails.com\/it\/wp-json\/wp\/v2\/pages\/2054"}],"wp:attachment":[{"href":"https:\/\/karmatrails.com\/it\/wp-json\/wp\/v2\/media?parent=2082"}],"curies":[{"name":"wp","href":"https:\/\/api.w.org\/{rel}","templated":true}]}}