{"id":9878,"date":"2016-01-16T00:34:59","date_gmt":"2016-01-16T00:34:59","guid":{"rendered":"http:\/\/karmatrails.com\/es\/?page_id=9878"},"modified":"2016-01-17T01:36:28","modified_gmt":"2016-01-17T01:36:28","slug":"preguntas-frecuentes-mexico","status":"publish","type":"page","link":"https:\/\/karmatrails.com\/es\/preguntas-frecuentes-mexico\/","title":{"rendered":"Info General, Preguntas Frecuentes y Consejos"},"content":{"rendered":"<p>Nombre oficial: \u00a0M\u00e8xico o Estados Unidos Mexicanos<\/p>\n<p>Gobierno: \u00a0Republica federal compuesta por 31 estados + 1 distrito federal<\/p>\n<p>Poblaci\u00f3n: \u00a0122.300.000<\/p>\n<p>Capital: \u00a0Ciudad de M\u00e9xico<\/p>\n<p>Idiomas: Espa\u00f1ol Castellano (Oficial) Lenguas Aut\u00f3ctonas ( Nahuatl, Maya, Chontal, )<\/p>\n<p>Religi\u00f3n: \u00a0Cat\u00f3licos 89,7% Protestantes 4,9% Judios 0,1%<\/p>\n<p>Grupos \u00e9tnicos: Mestizos 60% Amerindios 30% Blancos 9% Otros 1%<\/p>\n<p>Moneda: Peso mexicano (MXN o MN)<\/p>\n<p>Impuesto: 16% IVA en todos los estados del pa\u00eds.<\/p>\n<p>Uso Horario: GMT -5 \/ -6 \/ -7<\/p>\n<p>&nbsp;<\/p>\n<h5>Bueno a Saberlo !!!<\/h5>\n<p>&nbsp;<\/p>\n<ul>\n<li>En M\u00e9xico no necesitas la Licencia de manejo Internacional, puedes rentar un auto o moto ense\u00f1ando solamente la Licencia de manejo de tu pais. Las se\u00f1alizaciones en las calles, son relativamente iguales a las europeas. Solamente pon atenci\u00f3n en los semaforos ya que en M\u00e9xico estan localizados en la parte opuesta de la calle, y facilmente pueden confundirse estacion\u00e1ndose en medio de la avenida. Se recomienda siempre dejar en el hotel la ruta que pretendan hacer con el carro rentado, ya que en varias carreteras el servicio de telefon\u00eda celular no esta disponible, as\u00ed que es mejor que alguien sepa donde encontrarles.<\/li>\n<li>El boleto de ingreso a las zonas arqueol\u00f3gicas no incluye el derecho de grabar con sus videoc\u00e1maras. Necesitas pagar una diferencia m\u00ednima para este servicio y toma en cuenta la se\u00f1alizaci\u00f3n acerca del uso de flash, en cuanto en algunos lugares pueden haber sanciones.<\/li>\n<li>En M\u00e9xico se admiten Perros y Gatos. Ser\u00e1 suficiente presentar un certificado de su veterinario en el cual se consta la buena salud de la mascota, ademas de su carta de vacunaci\u00f3n. Nosotros aconsejamos de informase muy bien en cuanto a los hoteles que admiten mascotas en la habitaci\u00f3n, ya que la mayor\u00eda de ellos no cuentan con las instalaciones adecuadas para recibir a este tipo de hu\u00e9spedes.<\/li>\n<li>Los horarios de comida en los restaurantes son regularmente.\n<ul>\n<li>Desayuno de 7 a 11<\/li>\n<li>Comida de13 a 16 (La costumbre mexicana de 14 a 15)<\/li>\n<li>Cena de 19 a 23<\/li>\n<\/ul>\n<\/li>\n<\/ul>\n","protected":false},"excerpt":{"rendered":"<p>Nombre oficial: \u00a0M\u00e8xico o Estados Unidos Mexicanos Gobierno: \u00a0Republica federal compuesta por 31 estados + 1 distrito federal Poblaci\u00f3n: \u00a0122.300.000 Capital: \u00a0Ciudad de M\u00e9xico Idiomas: Espa\u00f1ol Castellano (Oficial) Lenguas Aut\u00f3ctonas ( Nahuatl, Maya, Chontal, ) Religi\u00f3n: \u00a0Cat\u00f3licos 89,7% Protestantes 4,9% Judios 0,1% Grupos \u00e9tnicos:&#8230;<\/p>\n","protected":false},"author":5,"featured_media":0,"parent":0,"menu_order":0,"comment_status":"closed","ping_status":"closed","template":"template-faq.php","meta":{"footnotes":""},"class_list":["post-9878","page","type-page","status-publish","hentry"],"yoast_head":"<!-- This site is optimized with the Yoast SEO plugin v24.3 - https:\/\/yoast.com\/wordpress\/plugins\/seo\/ -->\n<title>Info General, Preguntas Frecuentes y Consejos - Karma Trails DMC<\/title>\n<meta name=\"robots\" content=\"index, follow, max-snippet:-1, max-image-preview:large, max-video-preview:-1\" \/>\n<link rel=\"canonical\" href=\"https:\/\/karmatrails.com\/es\/preguntas-frecuentes-mexico\/\" \/>\n<meta property=\"og:locale\" content=\"es_ES\" \/>\n<meta property=\"og:type\" content=\"article\" \/>\n<meta property=\"og:title\" content=\"Info General, Preguntas Frecuentes y Consejos - Karma Trails DMC\" \/>\n<meta property=\"og:description\" content=\"Nombre oficial: \u00a0M\u00e8xico o Estados Unidos Mexicanos Gobierno: \u00a0Republica federal compuesta por 31 estados + 1 distrito federal Poblaci\u00f3n: \u00a0122.300.000 Capital: \u00a0Ciudad de M\u00e9xico Idiomas: Espa\u00f1ol Castellano (Oficial) Lenguas Aut\u00f3ctonas ( Nahuatl, Maya, Chontal, ) Religi\u00f3n: \u00a0Cat\u00f3licos 89,7% Protestantes 4,9% Judios 0,1% Grupos \u00e9tnicos:...\" \/>\n<meta property=\"og:url\" content=\"https:\/\/karmatrails.com\/es\/preguntas-frecuentes-mexico\/\" \/>\n<meta property=\"og:site_name\" content=\"Karma Trails DMC\" \/>\n<meta property=\"article:publisher\" content=\"https:\/\/www.facebook.com\/karmatrails\/\" \/>\n<meta property=\"article:modified_time\" content=\"2016-01-17T01:36:28+00:00\" \/>\n<meta name=\"twitter:label1\" content=\"Tiempo de lectura\" \/>\n\t<meta name=\"twitter:data1\" content=\"2 minutos\" \/>\n<script type=\"application\/ld+json\" class=\"yoast-schema-graph\">{\"@context\":\"https:\/\/schema.org\",\"@graph\":[{\"@type\":\"WebPage\",\"@id\":\"https:\/\/karmatrails.com\/es\/preguntas-frecuentes-mexico\/\",\"url\":\"https:\/\/karmatrails.com\/es\/preguntas-frecuentes-mexico\/\",\"name\":\"Info General, Preguntas Frecuentes y Consejos - Karma Trails DMC\",\"isPartOf\":{\"@id\":\"https:\/\/karmatrails.com\/#website\"},\"datePublished\":\"2016-01-16T00:34:59+00:00\",\"dateModified\":\"2016-01-17T01:36:28+00:00\",\"breadcrumb\":{\"@id\":\"https:\/\/karmatrails.com\/es\/preguntas-frecuentes-mexico\/#breadcrumb\"},\"inLanguage\":\"es\",\"potentialAction\":[{\"@type\":\"ReadAction\",\"target\":[\"https:\/\/karmatrails.com\/es\/preguntas-frecuentes-mexico\/\"]}]},{\"@type\":\"BreadcrumbList\",\"@id\":\"https:\/\/karmatrails.com\/es\/preguntas-frecuentes-mexico\/#breadcrumb\",\"itemListElement\":[{\"@type\":\"ListItem\",\"position\":1,\"name\":\"Home\",\"item\":\"https:\/\/karmatrails.com\/es\/\"},{\"@type\":\"ListItem\",\"position\":2,\"name\":\"Info General, Preguntas Frecuentes y Consejos\"}]},{\"@type\":\"WebSite\",\"@id\":\"https:\/\/karmatrails.com\/#website\",\"url\":\"https:\/\/karmatrails.com\/\",\"name\":\"Karma Trails DMC\",\"description\":\"Tailor Made Tours Specialists\",\"potentialAction\":[{\"@type\":\"SearchAction\",\"target\":{\"@type\":\"EntryPoint\",\"urlTemplate\":\"https:\/\/karmatrails.com\/?s={search_term_string}\"},\"query-input\":{\"@type\":\"PropertyValueSpecification\",\"valueRequired\":true,\"valueName\":\"search_term_string\"}}],\"inLanguage\":\"es\"}]}<\/script>\n<!-- \/ Yoast SEO plugin. -->","yoast_head_json":{"title":"Info General, Preguntas Frecuentes y Consejos - Karma Trails DMC","robots":{"index":"index","follow":"follow","max-snippet":"max-snippet:-1","max-image-preview":"max-image-preview:large","max-video-preview":"max-video-preview:-1"},"canonical":"https:\/\/karmatrails.com\/es\/preguntas-frecuentes-mexico\/","og_locale":"es_ES","og_type":"article","og_title":"Info General, Preguntas Frecuentes y Consejos - Karma Trails DMC","og_description":"Nombre oficial: \u00a0M\u00e8xico o Estados Unidos Mexicanos Gobierno: \u00a0Republica federal compuesta por 31 estados + 1 distrito federal Poblaci\u00f3n: \u00a0122.300.000 Capital: \u00a0Ciudad de M\u00e9xico Idiomas: Espa\u00f1ol Castellano (Oficial) Lenguas Aut\u00f3ctonas ( Nahuatl, Maya, Chontal, ) Religi\u00f3n: \u00a0Cat\u00f3licos 89,7% Protestantes 4,9% Judios 0,1% Grupos \u00e9tnicos:...","og_url":"https:\/\/karmatrails.com\/es\/preguntas-frecuentes-mexico\/","og_site_name":"Karma Trails DMC","article_publisher":"https:\/\/www.facebook.com\/karmatrails\/","article_modified_time":"2016-01-17T01:36:28+00:00","twitter_misc":{"Tiempo de lectura":"2 minutos"},"schema":{"@context":"https:\/\/schema.org","@graph":[{"@type":"WebPage","@id":"https:\/\/karmatrails.com\/es\/preguntas-frecuentes-mexico\/","url":"https:\/\/karmatrails.com\/es\/preguntas-frecuentes-mexico\/","name":"Info General, Preguntas Frecuentes y Consejos - Karma Trails DMC","isPartOf":{"@id":"https:\/\/karmatrails.com\/#website"},"datePublished":"2016-01-16T00:34:59+00:00","dateModified":"2016-01-17T01:36:28+00:00","breadcrumb":{"@id":"https:\/\/karmatrails.com\/es\/preguntas-frecuentes-mexico\/#breadcrumb"},"inLanguage":"es","potentialAction":[{"@type":"ReadAction","target":["https:\/\/karmatrails.com\/es\/preguntas-frecuentes-mexico\/"]}]},{"@type":"BreadcrumbList","@id":"https:\/\/karmatrails.com\/es\/preguntas-frecuentes-mexico\/#breadcrumb","itemListElement":[{"@type":"ListItem","position":1,"name":"Home","item":"https:\/\/karmatrails.com\/es\/"},{"@type":"ListItem","position":2,"name":"Info General, Preguntas Frecuentes y Consejos"}]},{"@type":"WebSite","@id":"https:\/\/karmatrails.com\/#website","url":"https:\/\/karmatrails.com\/","name":"Karma Trails DMC","description":"Tailor Made Tours Specialists","potentialAction":[{"@type":"SearchAction","target":{"@type":"EntryPoint","urlTemplate":"https:\/\/karmatrails.com\/?s={search_term_string}"},"query-input":{"@type":"PropertyValueSpecification","valueRequired":true,"valueName":"search_term_string"}}],"inLanguage":"es"}]}},"_links":{"self":[{"href":"https:\/\/karmatrails.com\/es\/wp-json\/wp\/v2\/pages\/9878","targetHints":{"allow":["GET"]}}],"collection":[{"href":"https:\/\/karmatrails.com\/es\/wp-json\/wp\/v2\/pages"}],"about":[{"href":"https:\/\/karmatrails.com\/es\/wp-json\/wp\/v2\/types\/page"}],"author":[{"embeddable":true,"href":"https:\/\/karmatrails.com\/es\/wp-json\/wp\/v2\/users\/5"}],"replies":[{"embeddable":true,"href":"https:\/\/karmatrails.com\/es\/wp-json\/wp\/v2\/comments?post=9878"}],"version-history":[{"count":4,"href":"https:\/\/karmatrails.com\/es\/wp-json\/wp\/v2\/pages\/9878\/revisions"}],"predecessor-version":[{"id":9922,"href":"https:\/\/karmatrails.com\/es\/wp-json\/wp\/v2\/pages\/9878\/revisions\/9922"}],"wp:attachment":[{"href":"https:\/\/karmatrails.com\/es\/wp-json\/wp\/v2\/media?parent=9878"}],"curies":[{"name":"wp","href":"https:\/\/api.w.org\/{rel}","templated":true}]}}