{"id":51518,"date":"2019-02-12T21:31:57","date_gmt":"2019-02-12T21:31:57","guid":{"rendered":"http:\/\/karmatrails.com\/?page_id=51518"},"modified":"2024-04-25T17:26:17","modified_gmt":"2024-04-25T17:26:17","slug":"terminos-y-condiciones","status":"publish","type":"page","link":"https:\/\/karmatrails.com\/es\/terminos-y-condiciones\/","title":{"rendered":"TERMINOS Y CONDICIONES"},"content":{"rendered":"<p>Bienvenido al sitio web de Karma Trails. Si contin\u00faa navegando y utilizando este sitio web, acepta cumplir y estar sujeto a los siguientes t\u00e9rminos y condiciones de uso, que junto con nuestra pol\u00edtica de privacidad rigen nuestra relaci\u00f3n con usted en relaci\u00f3n con este sitio web.<br \/>\nEl t\u00e9rmino \u00abKarma Trails\u00a0 o \u00abnosotros\u00bb se refiere al propietario del sitio web; el t\u00e9rmino \u00abusted\u00bb se refiere al usuario o visitante de nuestro sitio web.<\/p>\n<p><strong>Generales:<\/strong><\/p>\n<p>El uso de este sitio web est\u00e1 sujeto a los siguientes t\u00e9rminos de uso:<br \/>\n\u2022 El contenido de las p\u00e1ginas de este sitio web es solo para su informaci\u00f3n general y uso. Est\u00e1 sujeto a cambios sin previo aviso. Para itinerarios y paquetes con precios, tenga en cuenta que todos los servicios est\u00e1n sujetos a disponibilidad y todos los precios est\u00e1n sujetos a cambios hasta que se confirmen los servicios.<br \/>\n\u2022 Ni nosotros ni terceros brindamos ninguna garant\u00eda en cuanto a la precisi\u00f3n, puntualidad, rendimiento, integridad o idoneidad de la informaci\u00f3n y los materiales que se encuentran u ofrecen en este sitio web para cualquier prop\u00f3sito en particular. Usted reconoce que dicha informaci\u00f3n y materiales pueden contener inexactitudes o errores y excluimos expresamente la responsabilidad por tales inexactitudes o errores en la medida m\u00e1xima permitida por la ley.<br \/>\n\u2022 El uso de cualquier informaci\u00f3n o material en este sitio web es totalmente bajo su propio riesgo, del cual no seremos responsables. Ser\u00e1 su responsabilidad garantizar que cualquier producto, servicio o informaci\u00f3n disponible a trav\u00e9s de este sitio web cumpla con sus requisitos espec\u00edficos.<br \/>\n\u2022 Este sitio web contiene material que es de nuestra propiedad o que tenemos licencia. Este material incluye, pero no se limita a, el dise\u00f1o grafico y apariencia. Queda prohibida la reproducci\u00f3n, excepto de conformidad con el aviso de copyright, que forma parte de estos t\u00e9rminos y condiciones.<br \/>\n\u2022 El uso de cualquier imagen fuera del alcance del marketing de Karma Trails est\u00e1 estrictamente prohibido. El uso de cualquier imagen del sitio para comercializar o representar cualquier producto adem\u00e1s del que representa Karma Trails, constituye una violaci\u00f3n de estos t\u00e9rminos y condiciones.<br \/>\n\u2022 Todas las marcas registradas reproducidas en este sitio web que no son propiedad de, o con licencia para, el operador son reconocidas en el sitio web.<br \/>\n\u2022 El uso no autorizado de este sitio web puede dar lugar a una reclamaci\u00f3n por da\u00f1os y \/ o ser un delito penal.<br \/>\n\u2022 De vez en cuando, este sitio web tambi\u00e9n puede incluir enlaces a otros sitios web. Estos enlaces se proporcionan para su conveniencia para proporcionar m\u00e1s informaci\u00f3n. No significan que respaldamos el (los) sitio (s) web. No tenemos responsabilidad por el contenido de los sitios web vinculados.<br \/>\n\u2022 No puede crear un enlace a este sitio web desde otro sitio web o documento sin el consentimiento previo por escrito de Karma Trails;<br \/>\n\u2022 Nos reservamos el derecho de tomar fotograf\u00edas durante todo el viaje o parte del mismo, y de usar las fotograf\u00edas resultantes para promover los servicios de Karma Trails. Al reservar con Karma Trails, los miembros del viaje acuerdan permitir que sus im\u00e1genes se utilicen en dichas fotograf\u00edas. Los miembros del viaje que prefieren que sus im\u00e1genes no se utilicen deben identificarse ante los representantes, agentes o gu\u00edas de Karma Trails antes y al comienzo del viaje.<\/p>\n<p><strong>Reservas y pagos:<\/strong><\/p>\n<p>\u2022 La conexi\u00f3n a este sitio est\u00e1 utilizando un certificado de servidor v\u00e1lido y de confianza;<br \/>\n\u2022 La conexi\u00f3n a este sitio est\u00e1 utilizando una versi\u00f3n de protocolo fuerte y una suite de cifrado;<br \/>\n\u2022 Todos los recursos en esta p\u00e1gina se sirven de manera segura;<\/p>\n<p>\u2022 Todos nuestros precios son en Dolares Americanos (USD);<br \/>\n\u2022 Los pagos en l\u00ednea se procesan a trav\u00e9s de:<\/p>\n<ul>\n<li><strong>Plataforma Open Pay, <\/strong>de propriedad de la empresa\u00a0<b>OPENPAY, S.A.P.I. DE C.V.,\u00a0<\/b>Av. 5 de Febrero 1351 Sequoia 102,\u00a0Col. Felipe Carrillo Puerto,\u00a0Quer\u00e9taro, Qro. CP 76138, tel. +52 (55) 5351 7371, email:\u00a0\u00a0<a class=\"a-openpay\" href=\"mailto:soporte@openpay.mx\">soporte@openpay.mx<\/a><b><\/b>;<br \/>\n\u2022 Los m\u00e9todos de pago aceptados son tarjetas de cr\u00e9dito y d\u00e9bito (VISA, MASTERCARD, AMERICAN EXPRESS);<\/li>\n<\/ul>\n<p style=\"text-align: center;\">o<\/p>\n<ul>\n<li><strong>STRIPE Platform, <\/strong>de propriedad de la empresa\u00a0<strong>STRIPE PAYMENTS MEXICO S DE RL DE CV<\/strong><b>, <\/b>Bosque de Ciruelo 180, Planta Principal, Bosque de las Lomas, Miguel Hidalgo, DF, 11700, MEXICO, email:\u00a0 <a title=\"mailto:support@stripe.com\" href=\"mailto:support@stripe.com\" rel=\"noreferrer\">support@stripe.com<\/a>;<br \/>\n\u2022 Los m\u00e9todos de pago aceptados son tarjetas de cr\u00e9dito y d\u00e9bito (VISA, MASTERCARD, AMERICAN EXPRESS);<\/li>\n<\/ul>\n<p><strong>Durante las pr\u00f3ximas 48 horas despu\u00e9s de la reserva en l\u00ednea, uno de nuestros agentes de viajes le enviar\u00e1 el (los) comprobante (s) de confirmaci\u00f3n;<\/strong><\/p>\n<p>&nbsp;<\/p>\n<p><strong>Pol\u00edtica de cancelaci\u00f3n:<\/strong><\/p>\n<ul>\n<li>Todas las cancelaciones deben enviarse por escrito a la direcci\u00f3n de correo electr\u00f3nico info@karmatrails.com;<\/li>\n<li>Si es necesario que cancele su viaje, se aplicar\u00e1n los siguientes cargos calculados a partir de la fecha de recepci\u00f3n del aviso de cancelaci\u00f3n por escrito y de acuerdo a la tipologia de servicio;<\/li>\n<li>Para Navidad, A\u00f1o Nuevo y Semana Santa \/ Semana Santa, se aplica una pol\u00edtica de cancelaci\u00f3n diferente;<\/li>\n<\/ul>\n<p><strong>PAQUETES\u00a0 Y CIRCUITOS<\/strong><\/p>\n<ul>\n<li><strong>Si el servicio es cancelado mas de 60 d\u00edas antes del inicio de las actividades: <\/strong>habr\u00e0 un cargo correspondiente a los gastos bancarios de recepcion y envio de la devolucion;<\/li>\n<li><strong>Si el servicio es cancelado minimo 45 antes del inicio de las actividades:<\/strong> habr\u00e0 un cargo del 20% sobre el monto total, mas los gastos bancarios para generar la devolucion;<\/li>\n<li><strong>Si el servicio es cancelado minimo 30 d\u00edas antes del inicio de las actividades<\/strong>: habr\u00e0 un cargo del 30% sobre el monto total, mas los gastos bancarios para generar la devolucion;<\/li>\n<li><strong>Si el servicio es cancelado minimo 15 d\u00edas antes del inicio de las actividades:<\/strong> habr\u00e0 un cargo del 50% sobre el monto total, mas los gastos bancarios para generar la devolucion;<\/li>\n<li><strong>Si el servicio es cancelado minimo 7 d\u00edas antes del inicio de las actividades:<\/strong> habr\u00e0 un cargo del 70% sobre el monto total, mas los gastos bancarios para generar la devolucion;<\/li>\n<li><strong>Si el servicio es cancelado menos de 7 dias antes del inicio de las actividades:<\/strong> habr\u00e0 un cargo del 100%;<\/li>\n<li><strong>Si el cliente no se presenta a la hora y lugar comunicado, por cualquiera de los servicios: <\/strong>habr\u00e0 un cargo del 100%;<\/li>\n<\/ul>\n<p><strong>\u00a0<\/strong><\/p>\n<p><strong>EXCURSIONES Y TRASLADOS: <\/strong><\/p>\n<ul>\n<li><strong>Si el servicio es cancelado minimo 48 horas antes del Servicio: <\/strong>habr\u00e0 un cargo correspondiente a los gastos bancarios para generar la devolucion;<\/li>\n<li><strong>Si el servicio es cancelado minimo 24 horas antes del Servicio:<\/strong> habr\u00e0 un cargo del 20% sobre el monto total, mas los gastos bancarios para generar la devolucion;<\/li>\n<li><strong>Si el servicio es cancelado el mismo dia del inicio de las actividades:<\/strong> habr\u00e0 un cargo del 100%;<\/li>\n<li><strong>Si el cliente no se presenta a la hora y lugar comunicado: <\/strong>habr\u00e0 un cargo del 100%;<\/li>\n<\/ul>\n","protected":false},"excerpt":{"rendered":"<p>Bienvenido al sitio web de Karma Trails. Si contin\u00faa navegando y utilizando este sitio web, acepta cumplir y estar sujeto a los siguientes t\u00e9rminos y condiciones de uso, que junto con nuestra pol\u00edtica de privacidad rigen nuestra relaci\u00f3n con usted en relaci\u00f3n con este&#8230;<\/p>\n","protected":false},"author":5,"featured_media":0,"parent":0,"menu_order":0,"comment_status":"closed","ping_status":"closed","template":"","meta":{"footnotes":""},"class_list":["post-51518","page","type-page","status-publish","hentry"],"yoast_head":"<!-- This site is optimized with the Yoast SEO plugin v24.3 - https:\/\/yoast.com\/wordpress\/plugins\/seo\/ -->\n<title>TERMINOS Y CONDICIONES - Karma Trails DMC<\/title>\n<meta name=\"robots\" content=\"index, follow, max-snippet:-1, max-image-preview:large, max-video-preview:-1\" \/>\n<link rel=\"canonical\" href=\"https:\/\/karmatrails.com\/es\/terminos-y-condiciones\/\" \/>\n<meta property=\"og:locale\" content=\"es_ES\" \/>\n<meta property=\"og:type\" content=\"article\" \/>\n<meta property=\"og:title\" content=\"TERMINOS Y CONDICIONES - Karma Trails DMC\" \/>\n<meta property=\"og:description\" content=\"Bienvenido al sitio web de Karma Trails. Si contin\u00faa navegando y utilizando este sitio web, acepta cumplir y estar sujeto a los siguientes t\u00e9rminos y condiciones de uso, que junto con nuestra pol\u00edtica de privacidad rigen nuestra relaci\u00f3n con usted en relaci\u00f3n con este...\" \/>\n<meta property=\"og:url\" content=\"https:\/\/karmatrails.com\/es\/terminos-y-condiciones\/\" \/>\n<meta property=\"og:site_name\" content=\"Karma Trails DMC\" \/>\n<meta property=\"article:publisher\" content=\"https:\/\/www.facebook.com\/karmatrails\/\" \/>\n<meta property=\"article:modified_time\" content=\"2024-04-25T17:26:17+00:00\" \/>\n<meta name=\"twitter:label1\" content=\"Tiempo de lectura\" \/>\n\t<meta name=\"twitter:data1\" content=\"5 minutos\" \/>\n<script type=\"application\/ld+json\" class=\"yoast-schema-graph\">{\"@context\":\"https:\/\/schema.org\",\"@graph\":[{\"@type\":\"WebPage\",\"@id\":\"https:\/\/karmatrails.com\/es\/terminos-y-condiciones\/\",\"url\":\"https:\/\/karmatrails.com\/es\/terminos-y-condiciones\/\",\"name\":\"TERMINOS Y CONDICIONES - Karma Trails DMC\",\"isPartOf\":{\"@id\":\"https:\/\/karmatrails.com\/#website\"},\"datePublished\":\"2019-02-12T21:31:57+00:00\",\"dateModified\":\"2024-04-25T17:26:17+00:00\",\"breadcrumb\":{\"@id\":\"https:\/\/karmatrails.com\/es\/terminos-y-condiciones\/#breadcrumb\"},\"inLanguage\":\"es\",\"potentialAction\":[{\"@type\":\"ReadAction\",\"target\":[\"https:\/\/karmatrails.com\/es\/terminos-y-condiciones\/\"]}]},{\"@type\":\"BreadcrumbList\",\"@id\":\"https:\/\/karmatrails.com\/es\/terminos-y-condiciones\/#breadcrumb\",\"itemListElement\":[{\"@type\":\"ListItem\",\"position\":1,\"name\":\"Home\",\"item\":\"https:\/\/karmatrails.com\/es\/\"},{\"@type\":\"ListItem\",\"position\":2,\"name\":\"TERMINOS Y CONDICIONES\"}]},{\"@type\":\"WebSite\",\"@id\":\"https:\/\/karmatrails.com\/#website\",\"url\":\"https:\/\/karmatrails.com\/\",\"name\":\"Karma Trails DMC\",\"description\":\"Tailor Made Tours Specialists\",\"potentialAction\":[{\"@type\":\"SearchAction\",\"target\":{\"@type\":\"EntryPoint\",\"urlTemplate\":\"https:\/\/karmatrails.com\/?s={search_term_string}\"},\"query-input\":{\"@type\":\"PropertyValueSpecification\",\"valueRequired\":true,\"valueName\":\"search_term_string\"}}],\"inLanguage\":\"es\"}]}<\/script>\n<!-- \/ Yoast SEO plugin. -->","yoast_head_json":{"title":"TERMINOS Y CONDICIONES - Karma Trails DMC","robots":{"index":"index","follow":"follow","max-snippet":"max-snippet:-1","max-image-preview":"max-image-preview:large","max-video-preview":"max-video-preview:-1"},"canonical":"https:\/\/karmatrails.com\/es\/terminos-y-condiciones\/","og_locale":"es_ES","og_type":"article","og_title":"TERMINOS Y CONDICIONES - Karma Trails DMC","og_description":"Bienvenido al sitio web de Karma Trails. Si contin\u00faa navegando y utilizando este sitio web, acepta cumplir y estar sujeto a los siguientes t\u00e9rminos y condiciones de uso, que junto con nuestra pol\u00edtica de privacidad rigen nuestra relaci\u00f3n con usted en relaci\u00f3n con este...","og_url":"https:\/\/karmatrails.com\/es\/terminos-y-condiciones\/","og_site_name":"Karma Trails DMC","article_publisher":"https:\/\/www.facebook.com\/karmatrails\/","article_modified_time":"2024-04-25T17:26:17+00:00","twitter_misc":{"Tiempo de lectura":"5 minutos"},"schema":{"@context":"https:\/\/schema.org","@graph":[{"@type":"WebPage","@id":"https:\/\/karmatrails.com\/es\/terminos-y-condiciones\/","url":"https:\/\/karmatrails.com\/es\/terminos-y-condiciones\/","name":"TERMINOS Y CONDICIONES - Karma Trails DMC","isPartOf":{"@id":"https:\/\/karmatrails.com\/#website"},"datePublished":"2019-02-12T21:31:57+00:00","dateModified":"2024-04-25T17:26:17+00:00","breadcrumb":{"@id":"https:\/\/karmatrails.com\/es\/terminos-y-condiciones\/#breadcrumb"},"inLanguage":"es","potentialAction":[{"@type":"ReadAction","target":["https:\/\/karmatrails.com\/es\/terminos-y-condiciones\/"]}]},{"@type":"BreadcrumbList","@id":"https:\/\/karmatrails.com\/es\/terminos-y-condiciones\/#breadcrumb","itemListElement":[{"@type":"ListItem","position":1,"name":"Home","item":"https:\/\/karmatrails.com\/es\/"},{"@type":"ListItem","position":2,"name":"TERMINOS Y CONDICIONES"}]},{"@type":"WebSite","@id":"https:\/\/karmatrails.com\/#website","url":"https:\/\/karmatrails.com\/","name":"Karma Trails DMC","description":"Tailor Made Tours Specialists","potentialAction":[{"@type":"SearchAction","target":{"@type":"EntryPoint","urlTemplate":"https:\/\/karmatrails.com\/?s={search_term_string}"},"query-input":{"@type":"PropertyValueSpecification","valueRequired":true,"valueName":"search_term_string"}}],"inLanguage":"es"}]}},"_links":{"self":[{"href":"https:\/\/karmatrails.com\/es\/wp-json\/wp\/v2\/pages\/51518","targetHints":{"allow":["GET"]}}],"collection":[{"href":"https:\/\/karmatrails.com\/es\/wp-json\/wp\/v2\/pages"}],"about":[{"href":"https:\/\/karmatrails.com\/es\/wp-json\/wp\/v2\/types\/page"}],"author":[{"embeddable":true,"href":"https:\/\/karmatrails.com\/es\/wp-json\/wp\/v2\/users\/5"}],"replies":[{"embeddable":true,"href":"https:\/\/karmatrails.com\/es\/wp-json\/wp\/v2\/comments?post=51518"}],"version-history":[{"count":7,"href":"https:\/\/karmatrails.com\/es\/wp-json\/wp\/v2\/pages\/51518\/revisions"}],"predecessor-version":[{"id":79121,"href":"https:\/\/karmatrails.com\/es\/wp-json\/wp\/v2\/pages\/51518\/revisions\/79121"}],"wp:attachment":[{"href":"https:\/\/karmatrails.com\/es\/wp-json\/wp\/v2\/media?parent=51518"}],"curies":[{"name":"wp","href":"https:\/\/api.w.org\/{rel}","templated":true}]}}