{"id":2120,"date":"2013-02-19T14:39:31","date_gmt":"2013-02-19T14:39:31","guid":{"rendered":"http:\/\/karmatrails.com\/?page_id=2120"},"modified":"2023-03-09T19:16:58","modified_gmt":"2023-03-09T19:16:58","slug":"agencia-viajes-mexico","status":"publish","type":"page","link":"https:\/\/karmatrails.com\/es\/agencia-viajes-mexico\/","title":{"rendered":"Quienes Somos"},"content":{"rendered":"<div id=\"pl-2120\"  class=\"panel-layout\" >\n<div id=\"pg-2120-0\"  class=\"panel-grid panel-no-style\" >\n<div id=\"pgc-2120-0-0\"  class=\"panel-grid-cell\" >\n<div id=\"panel-2120-0-0-0\" class=\"so-panel widget widget_sow-editor panel-first-child panel-last-child\" data-index=\"0\" >\n<div\n\t\t\t\n\t\t\tclass=\"so-widget-sow-editor so-widget-sow-editor-base\"\n\t\t\t\n\t\t><\/p>\n<div class=\"siteorigin-widget-tinymce textwidget\">\n<p>Somos una Agencia Viajes Mexico y\u00a0Tour Operador especializado en la organizaci\u00f3n de <a href=\"http:\/\/karmatrails.com\/es\/viaje-la-medida-en-mexico\/\">viajes a la medida<\/a>, tours privados, paquetes personalizados, excursiones guiadas, grupos y viajes de incentivos a los principales destinos de <a href=\"https:\/\/es.wikipedia.org\/wiki\/M%C3%A9xico\">M\u00e9xico<\/a>.<\/p>\n<p>El profundo conocimiento del destino, el estudio meticuloso de los servicios que ofrecemos y la selecci\u00f3n de todos nuestros proveedores, nos permiten a lo largo de los a\u00f1os de definirnos \u201cExpertos en Mexico\u201d. Contamos con el constante y fuerte compromiso de satisfacer plenamente a todos nuestros clientes y aquellos de las agencias mayoristas a nivel mundial que nos escogieron como sus representantes en Mexico.<\/p>\n<p>Entre nuestras propuestas como Agencia Viajes Mexico contamos con tours en <a href=\"http:\/\/karmatrails.com\/es\/holiday_locations\/yucatan-tour\/\">Yucatan<\/a>, <a href=\"http:\/\/karmatrails.com\/es\/holiday_locations\/chiapas-tour\/\">Chiapas<\/a>, <a href=\"http:\/\/karmatrails.com\/es\/holiday_locations\/ciudad-de-mexico-tour\/\">Ciudad de Mexico<\/a>, <a href=\"http:\/\/karmatrails.com\/es\/holiday_locations\/baja-california-tour\/\">Baja California<\/a>, <a href=\"http:\/\/karmatrails.com\/es\/holiday_locations\/barrancas-del-cobre-tour\/\">Barrancas del Cobre<\/a> y <a href=\"http:\/\/karmatrails.com\/es\/holiday_locations\/riviera-maya-y-cancun-tour\/\">Riviera Maya<\/a>, adem\u00e0s de excursiones privadas, <a href=\"http:\/\/karmatrails.com\/es\/traslados\/\">traslados y servicios de taxi <\/a>desde y para los principales aeropuertos del pais.<\/p>\n<p>&nbsp;<\/p>\n<p><a href=\"http:\/\/karmatrails.com\/es\/\"><img loading=\"lazy\" decoding=\"async\" class=\"alignnone wp-image-14910 size-full\" src=\"http:\/\/karmatrails.com\/wp-content\/uploads\/2015\/04\/New-Logo-KT-Orizontal.png\" alt=\"agencia viajes mexico\" width=\"1796\" height=\"374\" \/><\/a><\/p>\n<h3><\/h3>\n<h3 style=\"text-align: center;\"><strong>NUESTRA MISION<\/strong><\/h3>\n<p>&nbsp;<\/p>\n<p>Brindar una oferta integral y competitiva de excelentes servicios tur\u00edsticos a empresas de turismo y clientes directos que eligen los destinos que representamos, manteniendo constantemente el enfoque en el crecimiento de la empresa, generando valor para los accionistas y beneficios para los colaboradores.<\/p>\n<h3><\/h3>\n<h3 style=\"text-align: center;\"><strong>NUESTRA VISION<\/strong><\/h3>\n<p>&nbsp;<\/p>\n<p>Ser identificados a nivel internacional como los mejores expertos locales de destinos tur\u00edsticos, preferidos por la innovaci\u00f3n, adaptabilidad y calidad en el servicio. Un equipo de confiables profesionales especializados en la confecci\u00f3n integral de experiencias de viajes personalizadas \u00a1!!<strong>\u00a0<\/strong><\/p>\n<\/div>\n<\/div>\n<\/div>\n<\/div>\n<\/div>\n<\/div>\n","protected":false},"excerpt":{"rendered":"<p>Somos una Agencia Viajes Mexico y\u00a0Tour Operador especializado en la organizaci\u00f3n de viajes a la medida, tours privados, paquetes personalizados, excursiones guiadas, grupos y viajes de incentivos a los principales destinos de M\u00e9xico. El profundo conocimiento del destino, el estudio meticuloso de los servicios&#8230;<\/p>\n","protected":false},"author":5,"featured_media":0,"parent":0,"menu_order":0,"comment_status":"closed","ping_status":"closed","template":"","meta":{"footnotes":""},"class_list":["post-2120","page","type-page","status-publish","hentry"],"yoast_head":"<!-- This site is optimized with the Yoast SEO plugin v24.3 - https:\/\/yoast.com\/wordpress\/plugins\/seo\/ -->\n<title>Agencia Viajes Mexico, receptivo, tours privados e itinerarios a la medida<\/title>\n<meta name=\"description\" content=\"agencia viajes mexico, receptivo especializado en viajes a la medida, tours privados, tours en grupo, excursiones y paquetes personalizados\" \/>\n<meta name=\"robots\" content=\"index, follow, max-snippet:-1, max-image-preview:large, max-video-preview:-1\" \/>\n<link rel=\"canonical\" href=\"https:\/\/karmatrails.com\/es\/agencia-viajes-mexico\/\" \/>\n<meta property=\"og:locale\" content=\"es_ES\" \/>\n<meta property=\"og:type\" content=\"article\" \/>\n<meta property=\"og:title\" content=\"Agencia Viajes Mexico, receptivo, tours privados e itinerarios a la medida\" \/>\n<meta property=\"og:description\" content=\"agencia viajes mexico, receptivo especializado en viajes a la medida, tours privados, tours en grupo, excursiones y paquetes personalizados\" \/>\n<meta property=\"og:url\" content=\"https:\/\/karmatrails.com\/es\/agencia-viajes-mexico\/\" \/>\n<meta property=\"og:site_name\" content=\"Karma Trails DMC\" \/>\n<meta property=\"article:publisher\" content=\"https:\/\/www.facebook.com\/karmatrails\/\" \/>\n<meta property=\"article:modified_time\" content=\"2023-03-09T19:16:58+00:00\" \/>\n<meta property=\"og:image\" content=\"http:\/\/karmatrails.com\/wp-content\/uploads\/2015\/04\/New-Logo-KT-Orizontal.png\" \/>\n<meta name=\"twitter:label1\" content=\"Tiempo de lectura\" \/>\n\t<meta name=\"twitter:data1\" content=\"2 minutos\" \/>\n<script type=\"application\/ld+json\" class=\"yoast-schema-graph\">{\"@context\":\"https:\/\/schema.org\",\"@graph\":[{\"@type\":\"WebPage\",\"@id\":\"https:\/\/karmatrails.com\/es\/agencia-viajes-mexico\/\",\"url\":\"https:\/\/karmatrails.com\/es\/agencia-viajes-mexico\/\",\"name\":\"Agencia Viajes Mexico, receptivo, tours privados e itinerarios a la medida\",\"isPartOf\":{\"@id\":\"https:\/\/karmatrails.com\/#website\"},\"primaryImageOfPage\":{\"@id\":\"https:\/\/karmatrails.com\/es\/agencia-viajes-mexico\/#primaryimage\"},\"image\":{\"@id\":\"https:\/\/karmatrails.com\/es\/agencia-viajes-mexico\/#primaryimage\"},\"thumbnailUrl\":\"http:\/\/karmatrails.com\/wp-content\/uploads\/2015\/04\/New-Logo-KT-Orizontal.png\",\"datePublished\":\"2013-02-19T14:39:31+00:00\",\"dateModified\":\"2023-03-09T19:16:58+00:00\",\"description\":\"agencia viajes mexico, receptivo especializado en viajes a la medida, tours privados, tours en grupo, excursiones y paquetes personalizados\",\"breadcrumb\":{\"@id\":\"https:\/\/karmatrails.com\/es\/agencia-viajes-mexico\/#breadcrumb\"},\"inLanguage\":\"es\",\"potentialAction\":[{\"@type\":\"ReadAction\",\"target\":[\"https:\/\/karmatrails.com\/es\/agencia-viajes-mexico\/\"]}]},{\"@type\":\"ImageObject\",\"inLanguage\":\"es\",\"@id\":\"https:\/\/karmatrails.com\/es\/agencia-viajes-mexico\/#primaryimage\",\"url\":\"http:\/\/karmatrails.com\/wp-content\/uploads\/2015\/04\/New-Logo-KT-Orizontal.png\",\"contentUrl\":\"http:\/\/karmatrails.com\/wp-content\/uploads\/2015\/04\/New-Logo-KT-Orizontal.png\"},{\"@type\":\"BreadcrumbList\",\"@id\":\"https:\/\/karmatrails.com\/es\/agencia-viajes-mexico\/#breadcrumb\",\"itemListElement\":[{\"@type\":\"ListItem\",\"position\":1,\"name\":\"Home\",\"item\":\"https:\/\/karmatrails.com\/es\/\"},{\"@type\":\"ListItem\",\"position\":2,\"name\":\"Quienes Somos\"}]},{\"@type\":\"WebSite\",\"@id\":\"https:\/\/karmatrails.com\/#website\",\"url\":\"https:\/\/karmatrails.com\/\",\"name\":\"Karma Trails DMC\",\"description\":\"Tailor Made Tours Specialists\",\"potentialAction\":[{\"@type\":\"SearchAction\",\"target\":{\"@type\":\"EntryPoint\",\"urlTemplate\":\"https:\/\/karmatrails.com\/?s={search_term_string}\"},\"query-input\":{\"@type\":\"PropertyValueSpecification\",\"valueRequired\":true,\"valueName\":\"search_term_string\"}}],\"inLanguage\":\"es\"}]}<\/script>\n<!-- \/ Yoast SEO plugin. -->","yoast_head_json":{"title":"Agencia Viajes Mexico, receptivo, tours privados e itinerarios a la medida","description":"agencia viajes mexico, receptivo especializado en viajes a la medida, tours privados, tours en grupo, excursiones y paquetes personalizados","robots":{"index":"index","follow":"follow","max-snippet":"max-snippet:-1","max-image-preview":"max-image-preview:large","max-video-preview":"max-video-preview:-1"},"canonical":"https:\/\/karmatrails.com\/es\/agencia-viajes-mexico\/","og_locale":"es_ES","og_type":"article","og_title":"Agencia Viajes Mexico, receptivo, tours privados e itinerarios a la medida","og_description":"agencia viajes mexico, receptivo especializado en viajes a la medida, tours privados, tours en grupo, excursiones y paquetes personalizados","og_url":"https:\/\/karmatrails.com\/es\/agencia-viajes-mexico\/","og_site_name":"Karma Trails DMC","article_publisher":"https:\/\/www.facebook.com\/karmatrails\/","article_modified_time":"2023-03-09T19:16:58+00:00","og_image":[{"url":"http:\/\/karmatrails.com\/wp-content\/uploads\/2015\/04\/New-Logo-KT-Orizontal.png","type":"","width":"","height":""}],"twitter_misc":{"Tiempo de lectura":"2 minutos"},"schema":{"@context":"https:\/\/schema.org","@graph":[{"@type":"WebPage","@id":"https:\/\/karmatrails.com\/es\/agencia-viajes-mexico\/","url":"https:\/\/karmatrails.com\/es\/agencia-viajes-mexico\/","name":"Agencia Viajes Mexico, receptivo, tours privados e itinerarios a la medida","isPartOf":{"@id":"https:\/\/karmatrails.com\/#website"},"primaryImageOfPage":{"@id":"https:\/\/karmatrails.com\/es\/agencia-viajes-mexico\/#primaryimage"},"image":{"@id":"https:\/\/karmatrails.com\/es\/agencia-viajes-mexico\/#primaryimage"},"thumbnailUrl":"http:\/\/karmatrails.com\/wp-content\/uploads\/2015\/04\/New-Logo-KT-Orizontal.png","datePublished":"2013-02-19T14:39:31+00:00","dateModified":"2023-03-09T19:16:58+00:00","description":"agencia viajes mexico, receptivo especializado en viajes a la medida, tours privados, tours en grupo, excursiones y paquetes personalizados","breadcrumb":{"@id":"https:\/\/karmatrails.com\/es\/agencia-viajes-mexico\/#breadcrumb"},"inLanguage":"es","potentialAction":[{"@type":"ReadAction","target":["https:\/\/karmatrails.com\/es\/agencia-viajes-mexico\/"]}]},{"@type":"ImageObject","inLanguage":"es","@id":"https:\/\/karmatrails.com\/es\/agencia-viajes-mexico\/#primaryimage","url":"http:\/\/karmatrails.com\/wp-content\/uploads\/2015\/04\/New-Logo-KT-Orizontal.png","contentUrl":"http:\/\/karmatrails.com\/wp-content\/uploads\/2015\/04\/New-Logo-KT-Orizontal.png"},{"@type":"BreadcrumbList","@id":"https:\/\/karmatrails.com\/es\/agencia-viajes-mexico\/#breadcrumb","itemListElement":[{"@type":"ListItem","position":1,"name":"Home","item":"https:\/\/karmatrails.com\/es\/"},{"@type":"ListItem","position":2,"name":"Quienes Somos"}]},{"@type":"WebSite","@id":"https:\/\/karmatrails.com\/#website","url":"https:\/\/karmatrails.com\/","name":"Karma Trails DMC","description":"Tailor Made Tours Specialists","potentialAction":[{"@type":"SearchAction","target":{"@type":"EntryPoint","urlTemplate":"https:\/\/karmatrails.com\/?s={search_term_string}"},"query-input":{"@type":"PropertyValueSpecification","valueRequired":true,"valueName":"search_term_string"}}],"inLanguage":"es"}]}},"_links":{"self":[{"href":"https:\/\/karmatrails.com\/es\/wp-json\/wp\/v2\/pages\/2120","targetHints":{"allow":["GET"]}}],"collection":[{"href":"https:\/\/karmatrails.com\/es\/wp-json\/wp\/v2\/pages"}],"about":[{"href":"https:\/\/karmatrails.com\/es\/wp-json\/wp\/v2\/types\/page"}],"author":[{"embeddable":true,"href":"https:\/\/karmatrails.com\/es\/wp-json\/wp\/v2\/users\/5"}],"replies":[{"embeddable":true,"href":"https:\/\/karmatrails.com\/es\/wp-json\/wp\/v2\/comments?post=2120"}],"version-history":[{"count":50,"href":"https:\/\/karmatrails.com\/es\/wp-json\/wp\/v2\/pages\/2120\/revisions"}],"predecessor-version":[{"id":74169,"href":"https:\/\/karmatrails.com\/es\/wp-json\/wp\/v2\/pages\/2120\/revisions\/74169"}],"wp:attachment":[{"href":"https:\/\/karmatrails.com\/es\/wp-json\/wp\/v2\/media?parent=2120"}],"curies":[{"name":"wp","href":"https:\/\/api.w.org\/{rel}","templated":true}]}}