{"id":2102,"date":"2015-04-29T00:45:10","date_gmt":"2015-04-29T00:45:10","guid":{"rendered":"http:\/\/karmatrails.com\/?page_id=2102"},"modified":"2015-12-29T00:02:09","modified_gmt":"2015-12-29T00:02:09","slug":"conferencias-incentivos","status":"publish","type":"page","link":"https:\/\/karmatrails.com\/es\/receptivo-turistico-mexico-tour-operator\/conferencias-incentivos\/","title":{"rendered":"Meetings, Incentives, Conferences and Exhibitions"},"content":{"rendered":"<p>Por cualquiera de sus necesidades en cuanto a organizaci\u00f3n de viajes de grupo, viajes incentivos, eventos y congresos en M\u00e9xico, ponemos a su disposici\u00f3n nuestra experiencia, conocimiento del destino y selecci\u00f3n especial de actividades dedicadas a estos segmentos.<\/p>\n<p>Por cada proyecto proveemos un agente dedicado, que se ocupa de curar todos los aspectos necesarios a desarrollar una propuesta comercial adecuada e innovadora.<\/p>\n<p>Estamos mas que seguros de ser su partner ideal en M\u00e9xico!<\/p>\n<p>&nbsp;<\/p>\n<p>Contacto Profesional: <a href=\"mailto:b2b@karmatrails.com\">b2b@karmatrails.com<\/a><\/p>\n<p>&nbsp;<\/p>\n","protected":false},"excerpt":{"rendered":"<p>Por cualquiera de sus necesidades en cuanto a organizaci\u00f3n de viajes de grupo, viajes incentivos, eventos y congresos en M\u00e9xico, ponemos a su disposici\u00f3n nuestra experiencia, conocimiento del destino y selecci\u00f3n especial de actividades dedicadas a estos segmentos. Por cada proyecto proveemos un agente&#8230;<\/p>\n","protected":false},"author":5,"featured_media":0,"parent":2052,"menu_order":0,"comment_status":"open","ping_status":"closed","template":"template-fullwidth.php","meta":{"footnotes":""},"class_list":["post-2102","page","type-page","status-publish","hentry"],"yoast_head":"<!-- This site is optimized with the Yoast SEO plugin v24.3 - https:\/\/yoast.com\/wordpress\/plugins\/seo\/ -->\n<title>Meetings, Incentives, Conferences and Exhibitions - Karma Trails DMC<\/title>\n<meta name=\"robots\" content=\"index, follow, max-snippet:-1, max-image-preview:large, max-video-preview:-1\" \/>\n<link rel=\"canonical\" href=\"https:\/\/karmatrails.com\/es\/receptivo-turistico-mexico-tour-operator\/conferencias-incentivos\/\" \/>\n<meta property=\"og:locale\" content=\"es_ES\" \/>\n<meta property=\"og:type\" content=\"article\" \/>\n<meta property=\"og:title\" content=\"Meetings, Incentives, Conferences and Exhibitions - Karma Trails DMC\" \/>\n<meta property=\"og:description\" content=\"Por cualquiera de sus necesidades en cuanto a organizaci\u00f3n de viajes de grupo, viajes incentivos, eventos y congresos en M\u00e9xico, ponemos a su disposici\u00f3n nuestra experiencia, conocimiento del destino y selecci\u00f3n especial de actividades dedicadas a estos segmentos. Por cada proyecto proveemos un agente...\" \/>\n<meta property=\"og:url\" content=\"https:\/\/karmatrails.com\/es\/receptivo-turistico-mexico-tour-operator\/conferencias-incentivos\/\" \/>\n<meta property=\"og:site_name\" content=\"Karma Trails DMC\" \/>\n<meta property=\"article:publisher\" content=\"https:\/\/www.facebook.com\/karmatrails\/\" \/>\n<meta property=\"article:modified_time\" content=\"2015-12-29T00:02:09+00:00\" \/>\n<script type=\"application\/ld+json\" class=\"yoast-schema-graph\">{\"@context\":\"https:\/\/schema.org\",\"@graph\":[{\"@type\":\"WebPage\",\"@id\":\"https:\/\/karmatrails.com\/es\/receptivo-turistico-mexico-tour-operator\/conferencias-incentivos\/\",\"url\":\"https:\/\/karmatrails.com\/es\/receptivo-turistico-mexico-tour-operator\/conferencias-incentivos\/\",\"name\":\"Meetings, Incentives, Conferences and Exhibitions - Karma Trails DMC\",\"isPartOf\":{\"@id\":\"https:\/\/karmatrails.com\/#website\"},\"datePublished\":\"2015-04-29T00:45:10+00:00\",\"dateModified\":\"2015-12-29T00:02:09+00:00\",\"breadcrumb\":{\"@id\":\"https:\/\/karmatrails.com\/es\/receptivo-turistico-mexico-tour-operator\/conferencias-incentivos\/#breadcrumb\"},\"inLanguage\":\"es\",\"potentialAction\":[{\"@type\":\"ReadAction\",\"target\":[\"https:\/\/karmatrails.com\/es\/receptivo-turistico-mexico-tour-operator\/conferencias-incentivos\/\"]}]},{\"@type\":\"BreadcrumbList\",\"@id\":\"https:\/\/karmatrails.com\/es\/receptivo-turistico-mexico-tour-operator\/conferencias-incentivos\/#breadcrumb\",\"itemListElement\":[{\"@type\":\"ListItem\",\"position\":1,\"name\":\"Home\",\"item\":\"https:\/\/karmatrails.com\/es\/\"},{\"@type\":\"ListItem\",\"position\":2,\"name\":\"Receptivo Turistico\",\"item\":\"https:\/\/karmatrails.com\/es\/receptivo-turistico-mexico-tour-operator\/\"},{\"@type\":\"ListItem\",\"position\":3,\"name\":\"Meetings, Incentives, Conferences and Exhibitions\"}]},{\"@type\":\"WebSite\",\"@id\":\"https:\/\/karmatrails.com\/#website\",\"url\":\"https:\/\/karmatrails.com\/\",\"name\":\"Karma Trails DMC\",\"description\":\"Tailor Made Tours Specialists\",\"potentialAction\":[{\"@type\":\"SearchAction\",\"target\":{\"@type\":\"EntryPoint\",\"urlTemplate\":\"https:\/\/karmatrails.com\/?s={search_term_string}\"},\"query-input\":{\"@type\":\"PropertyValueSpecification\",\"valueRequired\":true,\"valueName\":\"search_term_string\"}}],\"inLanguage\":\"es\"}]}<\/script>\n<!-- \/ Yoast SEO plugin. -->","yoast_head_json":{"title":"Meetings, Incentives, Conferences and Exhibitions - Karma Trails DMC","robots":{"index":"index","follow":"follow","max-snippet":"max-snippet:-1","max-image-preview":"max-image-preview:large","max-video-preview":"max-video-preview:-1"},"canonical":"https:\/\/karmatrails.com\/es\/receptivo-turistico-mexico-tour-operator\/conferencias-incentivos\/","og_locale":"es_ES","og_type":"article","og_title":"Meetings, Incentives, Conferences and Exhibitions - Karma Trails DMC","og_description":"Por cualquiera de sus necesidades en cuanto a organizaci\u00f3n de viajes de grupo, viajes incentivos, eventos y congresos en M\u00e9xico, ponemos a su disposici\u00f3n nuestra experiencia, conocimiento del destino y selecci\u00f3n especial de actividades dedicadas a estos segmentos. Por cada proyecto proveemos un agente...","og_url":"https:\/\/karmatrails.com\/es\/receptivo-turistico-mexico-tour-operator\/conferencias-incentivos\/","og_site_name":"Karma Trails DMC","article_publisher":"https:\/\/www.facebook.com\/karmatrails\/","article_modified_time":"2015-12-29T00:02:09+00:00","schema":{"@context":"https:\/\/schema.org","@graph":[{"@type":"WebPage","@id":"https:\/\/karmatrails.com\/es\/receptivo-turistico-mexico-tour-operator\/conferencias-incentivos\/","url":"https:\/\/karmatrails.com\/es\/receptivo-turistico-mexico-tour-operator\/conferencias-incentivos\/","name":"Meetings, Incentives, Conferences and Exhibitions - Karma Trails DMC","isPartOf":{"@id":"https:\/\/karmatrails.com\/#website"},"datePublished":"2015-04-29T00:45:10+00:00","dateModified":"2015-12-29T00:02:09+00:00","breadcrumb":{"@id":"https:\/\/karmatrails.com\/es\/receptivo-turistico-mexico-tour-operator\/conferencias-incentivos\/#breadcrumb"},"inLanguage":"es","potentialAction":[{"@type":"ReadAction","target":["https:\/\/karmatrails.com\/es\/receptivo-turistico-mexico-tour-operator\/conferencias-incentivos\/"]}]},{"@type":"BreadcrumbList","@id":"https:\/\/karmatrails.com\/es\/receptivo-turistico-mexico-tour-operator\/conferencias-incentivos\/#breadcrumb","itemListElement":[{"@type":"ListItem","position":1,"name":"Home","item":"https:\/\/karmatrails.com\/es\/"},{"@type":"ListItem","position":2,"name":"Receptivo Turistico","item":"https:\/\/karmatrails.com\/es\/receptivo-turistico-mexico-tour-operator\/"},{"@type":"ListItem","position":3,"name":"Meetings, Incentives, Conferences and Exhibitions"}]},{"@type":"WebSite","@id":"https:\/\/karmatrails.com\/#website","url":"https:\/\/karmatrails.com\/","name":"Karma Trails DMC","description":"Tailor Made Tours Specialists","potentialAction":[{"@type":"SearchAction","target":{"@type":"EntryPoint","urlTemplate":"https:\/\/karmatrails.com\/?s={search_term_string}"},"query-input":{"@type":"PropertyValueSpecification","valueRequired":true,"valueName":"search_term_string"}}],"inLanguage":"es"}]}},"_links":{"self":[{"href":"https:\/\/karmatrails.com\/es\/wp-json\/wp\/v2\/pages\/2102","targetHints":{"allow":["GET"]}}],"collection":[{"href":"https:\/\/karmatrails.com\/es\/wp-json\/wp\/v2\/pages"}],"about":[{"href":"https:\/\/karmatrails.com\/es\/wp-json\/wp\/v2\/types\/page"}],"author":[{"embeddable":true,"href":"https:\/\/karmatrails.com\/es\/wp-json\/wp\/v2\/users\/5"}],"replies":[{"embeddable":true,"href":"https:\/\/karmatrails.com\/es\/wp-json\/wp\/v2\/comments?post=2102"}],"version-history":[{"count":4,"href":"https:\/\/karmatrails.com\/es\/wp-json\/wp\/v2\/pages\/2102\/revisions"}],"predecessor-version":[{"id":8931,"href":"https:\/\/karmatrails.com\/es\/wp-json\/wp\/v2\/pages\/2102\/revisions\/8931"}],"up":[{"embeddable":true,"href":"https:\/\/karmatrails.com\/es\/wp-json\/wp\/v2\/pages\/2052"}],"wp:attachment":[{"href":"https:\/\/karmatrails.com\/es\/wp-json\/wp\/v2\/media?parent=2102"}],"curies":[{"name":"wp","href":"https:\/\/api.w.org\/{rel}","templated":true}]}}