{"id":2093,"date":"2014-08-17T22:06:17","date_gmt":"2014-08-17T22:06:17","guid":{"rendered":"http:\/\/karmatrails.com\/?page_id=2093"},"modified":"2026-01-29T16:43:47","modified_gmt":"2026-01-29T16:43:47","slug":"hoteles","status":"publish","type":"page","link":"https:\/\/karmatrails.com\/es\/receptivo-turistico-mexico-tour-operator\/hoteles\/","title":{"rendered":"Hoteles"},"content":{"rendered":"<p>Gracias a las relaciones comerciales establecidas a lo largo de loa a\u00f1os, contamos con la ventaja de poderle proveer a todos nuestros clientes B2B tarifas y acuerdos preferenciales de una selecci\u00f3n de hoteles individuales y cadenas ubicados en todo los destinos tur\u00edsticos de M\u00e9xico.<\/p>\n<p>Nos esforzamos constantemente para renovar y mejorar nuestro portfolio, para asegurar la calidad de todos ellos, que son considerados entre los mejores de la zona tur\u00edstica de pertenencia. Tambi\u00e9n nos encargamos de negociaciones especiales eventuales necesarios, en nombre y por cuenta de nuestro cliente.<\/p>\n<p>&nbsp;<\/p>\n<p>Uno de nuestros principales socios comerciales es <strong>Xperience Hotels<\/strong>, quien se dedica a la administraci\u00f3n de Hoteles Boutique con fuerte personalidad, en M\u00e9xico y Costa Rica.<\/p>\n<p>&nbsp;<\/p>\n<p>&nbsp;<\/p>\n<p>&nbsp;<\/p>\n<h3><strong>Nuestros Mejores Hoteles Partner:\u00a0<\/strong><\/h3>\n<p>&nbsp;<\/p>\n","protected":false},"excerpt":{"rendered":"<p>Gracias a las relaciones comerciales establecidas a lo largo de loa a\u00f1os, contamos con la ventaja de poderle proveer a todos nuestros clientes B2B tarifas y acuerdos preferenciales de una selecci\u00f3n de hoteles individuales y cadenas ubicados en todo los destinos tur\u00edsticos de M\u00e9xico&#8230;.<\/p>\n","protected":false},"author":5,"featured_media":0,"parent":2052,"menu_order":0,"comment_status":"closed","ping_status":"closed","template":"template-hotels.php","meta":{"footnotes":""},"class_list":["post-2093","page","type-page","status-publish","hentry"],"yoast_head":"<!-- This site is optimized with the Yoast SEO plugin v24.3 - https:\/\/yoast.com\/wordpress\/plugins\/seo\/ -->\n<title>Hoteles - Karma Trails DMC<\/title>\n<meta name=\"robots\" content=\"index, follow, max-snippet:-1, max-image-preview:large, max-video-preview:-1\" \/>\n<link rel=\"canonical\" href=\"https:\/\/karmatrails.com\/es\/receptivo-turistico-mexico-tour-operator\/hoteles\/\" \/>\n<meta property=\"og:locale\" content=\"es_ES\" \/>\n<meta property=\"og:type\" content=\"article\" \/>\n<meta property=\"og:title\" content=\"Hoteles - Karma Trails DMC\" \/>\n<meta property=\"og:description\" content=\"Gracias a las relaciones comerciales establecidas a lo largo de loa a\u00f1os, contamos con la ventaja de poderle proveer a todos nuestros clientes B2B tarifas y acuerdos preferenciales de una selecci\u00f3n de hoteles individuales y cadenas ubicados en todo los destinos tur\u00edsticos de M\u00e9xico....\" \/>\n<meta property=\"og:url\" content=\"https:\/\/karmatrails.com\/es\/receptivo-turistico-mexico-tour-operator\/hoteles\/\" \/>\n<meta property=\"og:site_name\" content=\"Karma Trails DMC\" \/>\n<meta property=\"article:publisher\" content=\"https:\/\/www.facebook.com\/karmatrails\/\" \/>\n<meta property=\"article:modified_time\" content=\"2026-01-29T16:43:47+00:00\" \/>\n<meta name=\"twitter:label1\" content=\"Tiempo de lectura\" \/>\n\t<meta name=\"twitter:data1\" content=\"1 minuto\" \/>\n<script type=\"application\/ld+json\" class=\"yoast-schema-graph\">{\"@context\":\"https:\/\/schema.org\",\"@graph\":[{\"@type\":\"WebPage\",\"@id\":\"https:\/\/karmatrails.com\/es\/receptivo-turistico-mexico-tour-operator\/hoteles\/\",\"url\":\"https:\/\/karmatrails.com\/es\/receptivo-turistico-mexico-tour-operator\/hoteles\/\",\"name\":\"Hoteles - Karma Trails DMC\",\"isPartOf\":{\"@id\":\"https:\/\/karmatrails.com\/#website\"},\"datePublished\":\"2014-08-17T22:06:17+00:00\",\"dateModified\":\"2026-01-29T16:43:47+00:00\",\"breadcrumb\":{\"@id\":\"https:\/\/karmatrails.com\/es\/receptivo-turistico-mexico-tour-operator\/hoteles\/#breadcrumb\"},\"inLanguage\":\"es\",\"potentialAction\":[{\"@type\":\"ReadAction\",\"target\":[\"https:\/\/karmatrails.com\/es\/receptivo-turistico-mexico-tour-operator\/hoteles\/\"]}]},{\"@type\":\"BreadcrumbList\",\"@id\":\"https:\/\/karmatrails.com\/es\/receptivo-turistico-mexico-tour-operator\/hoteles\/#breadcrumb\",\"itemListElement\":[{\"@type\":\"ListItem\",\"position\":1,\"name\":\"Home\",\"item\":\"https:\/\/karmatrails.com\/es\/\"},{\"@type\":\"ListItem\",\"position\":2,\"name\":\"Receptivo Turistico\",\"item\":\"https:\/\/karmatrails.com\/es\/receptivo-turistico-mexico-tour-operator\/\"},{\"@type\":\"ListItem\",\"position\":3,\"name\":\"Hoteles\"}]},{\"@type\":\"WebSite\",\"@id\":\"https:\/\/karmatrails.com\/#website\",\"url\":\"https:\/\/karmatrails.com\/\",\"name\":\"Karma Trails DMC\",\"description\":\"Tailor Made Tours Specialists\",\"potentialAction\":[{\"@type\":\"SearchAction\",\"target\":{\"@type\":\"EntryPoint\",\"urlTemplate\":\"https:\/\/karmatrails.com\/?s={search_term_string}\"},\"query-input\":{\"@type\":\"PropertyValueSpecification\",\"valueRequired\":true,\"valueName\":\"search_term_string\"}}],\"inLanguage\":\"es\"}]}<\/script>\n<!-- \/ Yoast SEO plugin. -->","yoast_head_json":{"title":"Hoteles - Karma Trails DMC","robots":{"index":"index","follow":"follow","max-snippet":"max-snippet:-1","max-image-preview":"max-image-preview:large","max-video-preview":"max-video-preview:-1"},"canonical":"https:\/\/karmatrails.com\/es\/receptivo-turistico-mexico-tour-operator\/hoteles\/","og_locale":"es_ES","og_type":"article","og_title":"Hoteles - Karma Trails DMC","og_description":"Gracias a las relaciones comerciales establecidas a lo largo de loa a\u00f1os, contamos con la ventaja de poderle proveer a todos nuestros clientes B2B tarifas y acuerdos preferenciales de una selecci\u00f3n de hoteles individuales y cadenas ubicados en todo los destinos tur\u00edsticos de M\u00e9xico....","og_url":"https:\/\/karmatrails.com\/es\/receptivo-turistico-mexico-tour-operator\/hoteles\/","og_site_name":"Karma Trails DMC","article_publisher":"https:\/\/www.facebook.com\/karmatrails\/","article_modified_time":"2026-01-29T16:43:47+00:00","twitter_misc":{"Tiempo de lectura":"1 minuto"},"schema":{"@context":"https:\/\/schema.org","@graph":[{"@type":"WebPage","@id":"https:\/\/karmatrails.com\/es\/receptivo-turistico-mexico-tour-operator\/hoteles\/","url":"https:\/\/karmatrails.com\/es\/receptivo-turistico-mexico-tour-operator\/hoteles\/","name":"Hoteles - Karma Trails DMC","isPartOf":{"@id":"https:\/\/karmatrails.com\/#website"},"datePublished":"2014-08-17T22:06:17+00:00","dateModified":"2026-01-29T16:43:47+00:00","breadcrumb":{"@id":"https:\/\/karmatrails.com\/es\/receptivo-turistico-mexico-tour-operator\/hoteles\/#breadcrumb"},"inLanguage":"es","potentialAction":[{"@type":"ReadAction","target":["https:\/\/karmatrails.com\/es\/receptivo-turistico-mexico-tour-operator\/hoteles\/"]}]},{"@type":"BreadcrumbList","@id":"https:\/\/karmatrails.com\/es\/receptivo-turistico-mexico-tour-operator\/hoteles\/#breadcrumb","itemListElement":[{"@type":"ListItem","position":1,"name":"Home","item":"https:\/\/karmatrails.com\/es\/"},{"@type":"ListItem","position":2,"name":"Receptivo Turistico","item":"https:\/\/karmatrails.com\/es\/receptivo-turistico-mexico-tour-operator\/"},{"@type":"ListItem","position":3,"name":"Hoteles"}]},{"@type":"WebSite","@id":"https:\/\/karmatrails.com\/#website","url":"https:\/\/karmatrails.com\/","name":"Karma Trails DMC","description":"Tailor Made Tours Specialists","potentialAction":[{"@type":"SearchAction","target":{"@type":"EntryPoint","urlTemplate":"https:\/\/karmatrails.com\/?s={search_term_string}"},"query-input":{"@type":"PropertyValueSpecification","valueRequired":true,"valueName":"search_term_string"}}],"inLanguage":"es"}]}},"_links":{"self":[{"href":"https:\/\/karmatrails.com\/es\/wp-json\/wp\/v2\/pages\/2093","targetHints":{"allow":["GET"]}}],"collection":[{"href":"https:\/\/karmatrails.com\/es\/wp-json\/wp\/v2\/pages"}],"about":[{"href":"https:\/\/karmatrails.com\/es\/wp-json\/wp\/v2\/types\/page"}],"author":[{"embeddable":true,"href":"https:\/\/karmatrails.com\/es\/wp-json\/wp\/v2\/users\/5"}],"replies":[{"embeddable":true,"href":"https:\/\/karmatrails.com\/es\/wp-json\/wp\/v2\/comments?post=2093"}],"version-history":[{"count":3,"href":"https:\/\/karmatrails.com\/es\/wp-json\/wp\/v2\/pages\/2093\/revisions"}],"predecessor-version":[{"id":8537,"href":"https:\/\/karmatrails.com\/es\/wp-json\/wp\/v2\/pages\/2093\/revisions\/8537"}],"up":[{"embeddable":true,"href":"https:\/\/karmatrails.com\/es\/wp-json\/wp\/v2\/pages\/2052"}],"wp:attachment":[{"href":"https:\/\/karmatrails.com\/es\/wp-json\/wp\/v2\/media?parent=2093"}],"curies":[{"name":"wp","href":"https:\/\/api.w.org\/{rel}","templated":true}]}}