{"id":2079,"date":"2014-07-31T22:22:58","date_gmt":"2014-07-31T22:22:58","guid":{"rendered":"http:\/\/karmatrails.com\/?page_id=2079"},"modified":"2025-09-09T17:37:21","modified_gmt":"2025-09-09T17:37:21","slug":"transportacion-vehiculos","status":"publish","type":"page","link":"https:\/\/karmatrails.com\/es\/receptivo-turistico-mexico-tour-operator\/transportacion-vehiculos\/","title":{"rendered":"Transportacion"},"content":{"rendered":"<p><strong>Karmatrails DMC<\/strong> cuenta con un departamento interno de transportaci\u00f3n, dedicado de manera exclusiva a la gesti\u00f3n de cualquier tipolog\u00eda de traslado terrestre, mar\u00edtimo y a\u00e9reo.<\/p>\n<p>Disponemos de medios de transporte con diferente capacidad, altamente seguros y c\u00f2modos, todos autorizados por la secretaria de Turismo y con p\u00f3liza de seguro amplia. Todos ellos vienen seleccionados junto con nuestros partners, de acuerdo a los par\u00e1metros b\u00e1sicos de fiabilidad, seguridad y confort, adem\u00e0s de estar constantemente sometidos a los controles de calidad necesarios.<\/p>\n<p>Nuestros proveedores de transportes se distinguen por la experiencia de muchos a\u00f1os y el profesionalismo del personal a bordo, que hacen de cualquier viaje una experiencia agradable y relajante.<\/p>\n<p>En todos nuestros servicios desde y para los aeropuertos, uno de nuestros representantes se encarga de asistir a los pasajeros desde la salida hasta la llegada a su destino.<\/p>\n<p>Contacto Profesional: <a href=\"mailto:b2b@karmatrails.com\">b2b@karmatrails.com<\/a><\/p>\n<h2><strong>Nuestros\u00a0Veh\u00edculos:<\/strong><\/h2>\n","protected":false},"excerpt":{"rendered":"<p>Karmatrails DMC cuenta con un departamento interno de transportaci\u00f3n, dedicado de manera exclusiva a la gesti\u00f3n de cualquier tipolog\u00eda de traslado terrestre, mar\u00edtimo y a\u00e9reo. Disponemos de medios de transporte con diferente capacidad, altamente seguros y c\u00f2modos, todos autorizados por la secretaria de Turismo&#8230;<\/p>\n","protected":false},"author":5,"featured_media":0,"parent":2052,"menu_order":0,"comment_status":"open","ping_status":"open","template":"template-transportation.php","meta":{"footnotes":""},"class_list":["post-2079","page","type-page","status-publish","hentry"],"yoast_head":"<!-- This site is optimized with the Yoast SEO plugin v24.3 - https:\/\/yoast.com\/wordpress\/plugins\/seo\/ -->\n<title>Transportacion - Karma Trails DMC<\/title>\n<meta name=\"robots\" content=\"index, follow, max-snippet:-1, max-image-preview:large, max-video-preview:-1\" \/>\n<link rel=\"canonical\" href=\"https:\/\/karmatrails.com\/es\/receptivo-turistico-mexico-tour-operator\/transportacion-vehiculos\/\" \/>\n<meta property=\"og:locale\" content=\"es_ES\" \/>\n<meta property=\"og:type\" content=\"article\" \/>\n<meta property=\"og:title\" content=\"Transportacion - Karma Trails DMC\" \/>\n<meta property=\"og:description\" content=\"Karmatrails DMC cuenta con un departamento interno de transportaci\u00f3n, dedicado de manera exclusiva a la gesti\u00f3n de cualquier tipolog\u00eda de traslado terrestre, mar\u00edtimo y a\u00e9reo. Disponemos de medios de transporte con diferente capacidad, altamente seguros y c\u00f2modos, todos autorizados por la secretaria de Turismo...\" \/>\n<meta property=\"og:url\" content=\"https:\/\/karmatrails.com\/es\/receptivo-turistico-mexico-tour-operator\/transportacion-vehiculos\/\" \/>\n<meta property=\"og:site_name\" content=\"Karma Trails DMC\" \/>\n<meta property=\"article:publisher\" content=\"https:\/\/www.facebook.com\/karmatrails\/\" \/>\n<meta property=\"article:modified_time\" content=\"2025-09-09T17:37:21+00:00\" \/>\n<meta name=\"twitter:label1\" content=\"Tiempo de lectura\" \/>\n\t<meta name=\"twitter:data1\" content=\"1 minuto\" \/>\n<script type=\"application\/ld+json\" class=\"yoast-schema-graph\">{\"@context\":\"https:\/\/schema.org\",\"@graph\":[{\"@type\":\"WebPage\",\"@id\":\"https:\/\/karmatrails.com\/es\/receptivo-turistico-mexico-tour-operator\/transportacion-vehiculos\/\",\"url\":\"https:\/\/karmatrails.com\/es\/receptivo-turistico-mexico-tour-operator\/transportacion-vehiculos\/\",\"name\":\"Transportacion - Karma Trails DMC\",\"isPartOf\":{\"@id\":\"https:\/\/karmatrails.com\/#website\"},\"datePublished\":\"2014-07-31T22:22:58+00:00\",\"dateModified\":\"2025-09-09T17:37:21+00:00\",\"breadcrumb\":{\"@id\":\"https:\/\/karmatrails.com\/es\/receptivo-turistico-mexico-tour-operator\/transportacion-vehiculos\/#breadcrumb\"},\"inLanguage\":\"es\",\"potentialAction\":[{\"@type\":\"ReadAction\",\"target\":[\"https:\/\/karmatrails.com\/es\/receptivo-turistico-mexico-tour-operator\/transportacion-vehiculos\/\"]}]},{\"@type\":\"BreadcrumbList\",\"@id\":\"https:\/\/karmatrails.com\/es\/receptivo-turistico-mexico-tour-operator\/transportacion-vehiculos\/#breadcrumb\",\"itemListElement\":[{\"@type\":\"ListItem\",\"position\":1,\"name\":\"Home\",\"item\":\"https:\/\/karmatrails.com\/es\/\"},{\"@type\":\"ListItem\",\"position\":2,\"name\":\"Receptivo Turistico\",\"item\":\"https:\/\/karmatrails.com\/es\/receptivo-turistico-mexico-tour-operator\/\"},{\"@type\":\"ListItem\",\"position\":3,\"name\":\"Transportacion\"}]},{\"@type\":\"WebSite\",\"@id\":\"https:\/\/karmatrails.com\/#website\",\"url\":\"https:\/\/karmatrails.com\/\",\"name\":\"Karma Trails DMC\",\"description\":\"Tailor Made Tours Specialists\",\"potentialAction\":[{\"@type\":\"SearchAction\",\"target\":{\"@type\":\"EntryPoint\",\"urlTemplate\":\"https:\/\/karmatrails.com\/?s={search_term_string}\"},\"query-input\":{\"@type\":\"PropertyValueSpecification\",\"valueRequired\":true,\"valueName\":\"search_term_string\"}}],\"inLanguage\":\"es\"}]}<\/script>\n<!-- \/ Yoast SEO plugin. -->","yoast_head_json":{"title":"Transportacion - Karma Trails DMC","robots":{"index":"index","follow":"follow","max-snippet":"max-snippet:-1","max-image-preview":"max-image-preview:large","max-video-preview":"max-video-preview:-1"},"canonical":"https:\/\/karmatrails.com\/es\/receptivo-turistico-mexico-tour-operator\/transportacion-vehiculos\/","og_locale":"es_ES","og_type":"article","og_title":"Transportacion - Karma Trails DMC","og_description":"Karmatrails DMC cuenta con un departamento interno de transportaci\u00f3n, dedicado de manera exclusiva a la gesti\u00f3n de cualquier tipolog\u00eda de traslado terrestre, mar\u00edtimo y a\u00e9reo. Disponemos de medios de transporte con diferente capacidad, altamente seguros y c\u00f2modos, todos autorizados por la secretaria de Turismo...","og_url":"https:\/\/karmatrails.com\/es\/receptivo-turistico-mexico-tour-operator\/transportacion-vehiculos\/","og_site_name":"Karma Trails DMC","article_publisher":"https:\/\/www.facebook.com\/karmatrails\/","article_modified_time":"2025-09-09T17:37:21+00:00","twitter_misc":{"Tiempo de lectura":"1 minuto"},"schema":{"@context":"https:\/\/schema.org","@graph":[{"@type":"WebPage","@id":"https:\/\/karmatrails.com\/es\/receptivo-turistico-mexico-tour-operator\/transportacion-vehiculos\/","url":"https:\/\/karmatrails.com\/es\/receptivo-turistico-mexico-tour-operator\/transportacion-vehiculos\/","name":"Transportacion - Karma Trails DMC","isPartOf":{"@id":"https:\/\/karmatrails.com\/#website"},"datePublished":"2014-07-31T22:22:58+00:00","dateModified":"2025-09-09T17:37:21+00:00","breadcrumb":{"@id":"https:\/\/karmatrails.com\/es\/receptivo-turistico-mexico-tour-operator\/transportacion-vehiculos\/#breadcrumb"},"inLanguage":"es","potentialAction":[{"@type":"ReadAction","target":["https:\/\/karmatrails.com\/es\/receptivo-turistico-mexico-tour-operator\/transportacion-vehiculos\/"]}]},{"@type":"BreadcrumbList","@id":"https:\/\/karmatrails.com\/es\/receptivo-turistico-mexico-tour-operator\/transportacion-vehiculos\/#breadcrumb","itemListElement":[{"@type":"ListItem","position":1,"name":"Home","item":"https:\/\/karmatrails.com\/es\/"},{"@type":"ListItem","position":2,"name":"Receptivo Turistico","item":"https:\/\/karmatrails.com\/es\/receptivo-turistico-mexico-tour-operator\/"},{"@type":"ListItem","position":3,"name":"Transportacion"}]},{"@type":"WebSite","@id":"https:\/\/karmatrails.com\/#website","url":"https:\/\/karmatrails.com\/","name":"Karma Trails DMC","description":"Tailor Made Tours Specialists","potentialAction":[{"@type":"SearchAction","target":{"@type":"EntryPoint","urlTemplate":"https:\/\/karmatrails.com\/?s={search_term_string}"},"query-input":{"@type":"PropertyValueSpecification","valueRequired":true,"valueName":"search_term_string"}}],"inLanguage":"es"}]}},"_links":{"self":[{"href":"https:\/\/karmatrails.com\/es\/wp-json\/wp\/v2\/pages\/2079","targetHints":{"allow":["GET"]}}],"collection":[{"href":"https:\/\/karmatrails.com\/es\/wp-json\/wp\/v2\/pages"}],"about":[{"href":"https:\/\/karmatrails.com\/es\/wp-json\/wp\/v2\/types\/page"}],"author":[{"embeddable":true,"href":"https:\/\/karmatrails.com\/es\/wp-json\/wp\/v2\/users\/5"}],"replies":[{"embeddable":true,"href":"https:\/\/karmatrails.com\/es\/wp-json\/wp\/v2\/comments?post=2079"}],"version-history":[{"count":6,"href":"https:\/\/karmatrails.com\/es\/wp-json\/wp\/v2\/pages\/2079\/revisions"}],"predecessor-version":[{"id":9397,"href":"https:\/\/karmatrails.com\/es\/wp-json\/wp\/v2\/pages\/2079\/revisions\/9397"}],"up":[{"embeddable":true,"href":"https:\/\/karmatrails.com\/es\/wp-json\/wp\/v2\/pages\/2052"}],"wp:attachment":[{"href":"https:\/\/karmatrails.com\/es\/wp-json\/wp\/v2\/media?parent=2079"}],"curies":[{"name":"wp","href":"https:\/\/api.w.org\/{rel}","templated":true}]}}