{"id":19872,"date":"2015-12-05T04:29:59","date_gmt":"2015-12-05T04:29:59","guid":{"rendered":"http:\/\/karmatrails.com\/transfers\/"},"modified":"2024-08-22T18:15:39","modified_gmt":"2024-08-22T18:15:39","slug":"traslados","status":"publish","type":"page","link":"https:\/\/karmatrails.com\/es\/traslados\/","title":{"rendered":"Traslados Terrestres"},"content":{"rendered":"<div id=\"pl-19872\"  class=\"panel-layout\" >\n<div id=\"pg-19872-0\"  class=\"panel-grid panel-no-style\" >\n<div id=\"pgc-19872-0-0\"  class=\"panel-grid-cell\" >\n<div id=\"panel-19872-0-0-0\" class=\"so-panel widget widget_sow-editor panel-first-child panel-last-child\" data-index=\"0\" >\n<div\n\t\t\t\n\t\t\tclass=\"so-widget-sow-editor so-widget-sow-editor-base\"\n\t\t\t\n\t\t><\/p>\n<div class=\"siteorigin-widget-tinymce textwidget\">\n<p>Nuestro servicio de traslado est\u00e1 disponible las 24 horas, todos los dias y para todos los principales Aeropuertos (Aeropuerto de Cancun, Aeropuerto de la Ciudad de Mexico, Aeropuerto de Merida, Aeropuerto de San Jose del Cabo, etc.) y destinos tur\u00edsticos de M\u00e8xico. La calidad y confiabilidad de nuestros transportes, as\u00ed como la puntualidad y profesionalidad de nuestros\u00a0ch\u00f3feres\u00a0 garantizan a los clientes la mejor calidad al mejor precio. Para su llegada a M\u00e9xico, nuestros operadores se preocupan de verificar si el vuelo est\u00e1 a tiempo o hay alg\u00fan retraso y se encargan de darles la bienvenida en el aeropuerto con un letrero con nuestro logo donde est\u00e1n \u00a0escritos sus nombres; para sus traslados de salidas organizamos el pick-up directamente en la recepci\u00f3n del hotel con suficiente anticipaci\u00f3n respecto al horario del vuelo y garantizamos as\u00ed un traslado c\u00f3modo y con la m\u00e1xima tranquilidad.<\/p>\n<p>&nbsp;<\/p>\n<h3 style=\"text-align: center;\"><a href=\"https:\/\/karmatrails.com\/es\/receptivo-turistico-mexico-tour-operator\/dmc-transportacion\/\"><strong>NUESTROS VEHICULOS<\/strong><\/a><\/h3>\n<\/div>\n<\/div>\n<\/div>\n<\/div>\n<\/div>\n<div id=\"pg-19872-1\"  class=\"panel-grid panel-no-style\" >\n<div id=\"pgc-19872-1-0\"  class=\"panel-grid-cell\" >\n<div id=\"panel-19872-1-0-0\" class=\"so-panel widget widget_sow-editor panel-first-child panel-last-child\" data-index=\"1\" >\n<div\n\t\t\t\n\t\t\tclass=\"so-widget-sow-editor so-widget-sow-editor-base\"\n\t\t\t\n\t\t><\/p>\n<div class=\"siteorigin-widget-tinymce textwidget\">\n<h3 style=\"text-align: center;\">AREA DE SALIDA o\u00a0LLEGADA<\/h3>\n<\/div>\n<\/div>\n<\/div>\n<\/div>\n<\/div>\n<div id=\"pg-19872-2\"  class=\"panel-grid panel-no-style\" >\n<div id=\"pgc-19872-2-0\"  class=\"panel-grid-cell\" >\n<div id=\"panel-19872-2-0-0\" class=\"so-panel widget widget_widget_sp_image widget_sp_image panel-first-child panel-last-child\" data-index=\"2\" >\n<div class=\"item_img\">\n<p>\t<a href=\"http:\/\/karmatrails.com\/es\/traslados\/transfer-cancun-airport\/\" target=\"_self\" class=\"widget_sp_image-image-link\" title=\"Aeropuerto Cancun (CUN)\"><img loading=\"lazy\" decoding=\"async\" width=\"660\" height=\"350\" alt=\"Transfer desde el Aeropuerto de Cancun\" class=\"attachment-full\" style=\"max-width: 100%;\" srcset=\"https:\/\/karmatrails.com\/wp-content\/uploads\/2018\/05\/Cancun-Airport.jpg 660w, https:\/\/karmatrails.com\/wp-content\/uploads\/2018\/05\/Cancun-Airport-600x318.jpg 600w, https:\/\/karmatrails.com\/wp-content\/uploads\/2018\/05\/Cancun-Airport-300x159.jpg 300w\" sizes=\"auto, (max-width: 660px) 100vw, 660px\" src=\"https:\/\/karmatrails.com\/wp-content\/uploads\/2018\/05\/Cancun-Airport.jpg\" \/><\/a>\t<\/p>\n<p class=\"caption\"><a href=\"http:\/\/karmatrails.com\/es\/traslados\/transfer-cancun-airport\/\">Aeropuerto Cancun (CUN)<\/a><\/p>\n<\/div>\n<\/div>\n<\/div>\n<div id=\"pgc-19872-2-1\"  class=\"panel-grid-cell\" >\n<div id=\"panel-19872-2-1-0\" class=\"so-panel widget widget_widget_sp_image widget_sp_image panel-first-child panel-last-child\" data-index=\"3\" >\n<div class=\"item_img\">\n<p>\t<a href=\"http:\/\/karmatrails.com\/transfers\/transfer-mexico-city-airport\/\" target=\"_self\" class=\"widget_sp_image-image-link\" title=\"Aeropuerto CDMX (MEX)\"><img loading=\"lazy\" decoding=\"async\" width=\"660\" height=\"350\" alt=\"Transfer desde el Aeropuerto de la Ciudad de Mexico\" class=\"attachment-full\" style=\"max-width: 100%;\" srcset=\"https:\/\/karmatrails.com\/wp-content\/uploads\/2016\/05\/Arrival-aeropuerto.jpg 660w, https:\/\/karmatrails.com\/wp-content\/uploads\/2016\/05\/Arrival-aeropuerto-600x318.jpg 600w, https:\/\/karmatrails.com\/wp-content\/uploads\/2016\/05\/Arrival-aeropuerto-300x159.jpg 300w\" sizes=\"auto, (max-width: 660px) 100vw, 660px\" src=\"https:\/\/karmatrails.com\/wp-content\/uploads\/2016\/05\/Arrival-aeropuerto.jpg\" \/><\/a>\t<\/p>\n<p class=\"caption\"><a href=\"http:\/\/karmatrails.com\/transfers\/transfer-mexico-city-airport\/\">Aeropuerto CDMX (MEX)<\/a><\/p>\n<\/div>\n<\/div>\n<\/div>\n<div id=\"pgc-19872-2-2\"  class=\"panel-grid-cell\" >\n<div id=\"panel-19872-2-2-0\" class=\"so-panel widget widget_widget_sp_image widget_sp_image panel-first-child panel-last-child\" data-index=\"4\" >\n<div class=\"item_img\">\n<p>\t<a href=\"http:\/\/karmatrails.com\/other-transfers-and-taxi\/\" target=\"_self\" class=\"widget_sp_image-image-link\" title=\"Otros Traslados y Taxi\"><img loading=\"lazy\" decoding=\"async\" width=\"660\" height=\"350\" alt=\"Otros Traslados y Taxi en Mexico\" class=\"attachment-full\" style=\"max-width: 100%;\" srcset=\"https:\/\/karmatrails.com\/wp-content\/uploads\/2018\/05\/Servicio-de-Transporte-a-holbox.jpg 660w, https:\/\/karmatrails.com\/wp-content\/uploads\/2018\/05\/Servicio-de-Transporte-a-holbox-600x318.jpg 600w, https:\/\/karmatrails.com\/wp-content\/uploads\/2018\/05\/Servicio-de-Transporte-a-holbox-300x159.jpg 300w\" sizes=\"auto, (max-width: 660px) 100vw, 660px\" src=\"https:\/\/karmatrails.com\/wp-content\/uploads\/2018\/05\/Servicio-de-Transporte-a-holbox.jpg\" \/><\/a>\t<\/p>\n<p class=\"caption\"><a href=\"http:\/\/karmatrails.com\/other-transfers-and-taxi\/\">Otros Traslados y Taxi<\/a><\/p>\n<\/div>\n<\/div>\n<\/div>\n<\/div>\n<\/div>\n","protected":false},"excerpt":{"rendered":"<p>Nuestro servicio de traslado est\u00e1 disponible las 24 horas, todos los dias y para todos los principales Aeropuertos (Aeropuerto de Cancun, Aeropuerto de la Ciudad de Mexico, Aeropuerto de Merida, Aeropuerto de San Jose del Cabo, etc.) y destinos tur\u00edsticos de M\u00e8xico. La calidad&#8230;<\/p>\n","protected":false},"author":5,"featured_media":0,"parent":0,"menu_order":0,"comment_status":"closed","ping_status":"closed","template":"","meta":{"footnotes":""},"class_list":["post-19872","page","type-page","status-publish","hentry"],"yoast_head":"<!-- This site is optimized with the Yoast SEO plugin v24.3 - https:\/\/yoast.com\/wordpress\/plugins\/seo\/ -->\n<title>Transfers<\/title>\n<meta name=\"robots\" content=\"index, follow, max-snippet:-1, max-image-preview:large, max-video-preview:-1\" \/>\n<link rel=\"canonical\" href=\"https:\/\/karmatrails.com\/es\/traslados\/\" \/>\n<meta property=\"og:locale\" content=\"es_ES\" \/>\n<meta property=\"og:type\" content=\"article\" \/>\n<meta property=\"og:title\" content=\"Transfers\" \/>\n<meta property=\"og:description\" content=\"Nuestro servicio de traslado est\u00e1 disponible las 24 horas, todos los dias y para todos los principales Aeropuertos (Aeropuerto de Cancun, Aeropuerto de la Ciudad de Mexico, Aeropuerto de Merida, Aeropuerto de San Jose del Cabo, etc.) y destinos tur\u00edsticos de M\u00e8xico. La calidad...\" \/>\n<meta property=\"og:url\" content=\"https:\/\/karmatrails.com\/es\/traslados\/\" \/>\n<meta property=\"og:site_name\" content=\"Karma Trails DMC\" \/>\n<meta property=\"article:publisher\" content=\"https:\/\/www.facebook.com\/karmatrails\/\" \/>\n<meta property=\"article:modified_time\" content=\"2024-08-22T18:15:39+00:00\" \/>\n<meta name=\"twitter:label1\" content=\"Tiempo de lectura\" \/>\n\t<meta name=\"twitter:data1\" content=\"1 minuto\" \/>\n<script type=\"application\/ld+json\" class=\"yoast-schema-graph\">{\"@context\":\"https:\/\/schema.org\",\"@graph\":[{\"@type\":\"WebPage\",\"@id\":\"https:\/\/karmatrails.com\/es\/traslados\/\",\"url\":\"https:\/\/karmatrails.com\/es\/traslados\/\",\"name\":\"Transfers\",\"isPartOf\":{\"@id\":\"https:\/\/karmatrails.com\/#website\"},\"datePublished\":\"2015-12-05T04:29:59+00:00\",\"dateModified\":\"2024-08-22T18:15:39+00:00\",\"breadcrumb\":{\"@id\":\"https:\/\/karmatrails.com\/es\/traslados\/#breadcrumb\"},\"inLanguage\":\"es\",\"potentialAction\":[{\"@type\":\"ReadAction\",\"target\":[\"https:\/\/karmatrails.com\/es\/traslados\/\"]}]},{\"@type\":\"BreadcrumbList\",\"@id\":\"https:\/\/karmatrails.com\/es\/traslados\/#breadcrumb\",\"itemListElement\":[{\"@type\":\"ListItem\",\"position\":1,\"name\":\"Home\",\"item\":\"https:\/\/karmatrails.com\/es\/\"},{\"@type\":\"ListItem\",\"position\":2,\"name\":\"Traslados Terrestres\"}]},{\"@type\":\"WebSite\",\"@id\":\"https:\/\/karmatrails.com\/#website\",\"url\":\"https:\/\/karmatrails.com\/\",\"name\":\"Karma Trails DMC\",\"description\":\"Tailor Made Tours Specialists\",\"potentialAction\":[{\"@type\":\"SearchAction\",\"target\":{\"@type\":\"EntryPoint\",\"urlTemplate\":\"https:\/\/karmatrails.com\/?s={search_term_string}\"},\"query-input\":{\"@type\":\"PropertyValueSpecification\",\"valueRequired\":true,\"valueName\":\"search_term_string\"}}],\"inLanguage\":\"es\"}]}<\/script>\n<!-- \/ Yoast SEO plugin. -->","yoast_head_json":{"title":"Transfers","robots":{"index":"index","follow":"follow","max-snippet":"max-snippet:-1","max-image-preview":"max-image-preview:large","max-video-preview":"max-video-preview:-1"},"canonical":"https:\/\/karmatrails.com\/es\/traslados\/","og_locale":"es_ES","og_type":"article","og_title":"Transfers","og_description":"Nuestro servicio de traslado est\u00e1 disponible las 24 horas, todos los dias y para todos los principales Aeropuertos (Aeropuerto de Cancun, Aeropuerto de la Ciudad de Mexico, Aeropuerto de Merida, Aeropuerto de San Jose del Cabo, etc.) y destinos tur\u00edsticos de M\u00e8xico. La calidad...","og_url":"https:\/\/karmatrails.com\/es\/traslados\/","og_site_name":"Karma Trails DMC","article_publisher":"https:\/\/www.facebook.com\/karmatrails\/","article_modified_time":"2024-08-22T18:15:39+00:00","twitter_misc":{"Tiempo de lectura":"1 minuto"},"schema":{"@context":"https:\/\/schema.org","@graph":[{"@type":"WebPage","@id":"https:\/\/karmatrails.com\/es\/traslados\/","url":"https:\/\/karmatrails.com\/es\/traslados\/","name":"Transfers","isPartOf":{"@id":"https:\/\/karmatrails.com\/#website"},"datePublished":"2015-12-05T04:29:59+00:00","dateModified":"2024-08-22T18:15:39+00:00","breadcrumb":{"@id":"https:\/\/karmatrails.com\/es\/traslados\/#breadcrumb"},"inLanguage":"es","potentialAction":[{"@type":"ReadAction","target":["https:\/\/karmatrails.com\/es\/traslados\/"]}]},{"@type":"BreadcrumbList","@id":"https:\/\/karmatrails.com\/es\/traslados\/#breadcrumb","itemListElement":[{"@type":"ListItem","position":1,"name":"Home","item":"https:\/\/karmatrails.com\/es\/"},{"@type":"ListItem","position":2,"name":"Traslados Terrestres"}]},{"@type":"WebSite","@id":"https:\/\/karmatrails.com\/#website","url":"https:\/\/karmatrails.com\/","name":"Karma Trails DMC","description":"Tailor Made Tours Specialists","potentialAction":[{"@type":"SearchAction","target":{"@type":"EntryPoint","urlTemplate":"https:\/\/karmatrails.com\/?s={search_term_string}"},"query-input":{"@type":"PropertyValueSpecification","valueRequired":true,"valueName":"search_term_string"}}],"inLanguage":"es"}]}},"_links":{"self":[{"href":"https:\/\/karmatrails.com\/es\/wp-json\/wp\/v2\/pages\/19872","targetHints":{"allow":["GET"]}}],"collection":[{"href":"https:\/\/karmatrails.com\/es\/wp-json\/wp\/v2\/pages"}],"about":[{"href":"https:\/\/karmatrails.com\/es\/wp-json\/wp\/v2\/types\/page"}],"author":[{"embeddable":true,"href":"https:\/\/karmatrails.com\/es\/wp-json\/wp\/v2\/users\/5"}],"replies":[{"embeddable":true,"href":"https:\/\/karmatrails.com\/es\/wp-json\/wp\/v2\/comments?post=19872"}],"version-history":[{"count":32,"href":"https:\/\/karmatrails.com\/es\/wp-json\/wp\/v2\/pages\/19872\/revisions"}],"predecessor-version":[{"id":79212,"href":"https:\/\/karmatrails.com\/es\/wp-json\/wp\/v2\/pages\/19872\/revisions\/79212"}],"wp:attachment":[{"href":"https:\/\/karmatrails.com\/es\/wp-json\/wp\/v2\/media?parent=19872"}],"curies":[{"name":"wp","href":"https:\/\/api.w.org\/{rel}","templated":true}]}}