{"id":14126,"date":"2016-11-21T17:44:56","date_gmt":"2016-11-21T17:44:56","guid":{"rendered":"http:\/\/karmatrails.com\/es\/?page_id=14126"},"modified":"2018-07-18T07:01:49","modified_gmt":"2018-07-18T07:01:49","slug":"perfil-de-puesto-asesor-de-viajes-ventas","status":"publish","type":"page","link":"https:\/\/karmatrails.com\/es\/perfil-de-puesto-asesor-de-viajes-ventas\/","title":{"rendered":"Perfil de Puesto: Asesor de Viajes (Ventas)"},"content":{"rendered":"<p>T\u00edtulo del puesto: <strong>Asesor de Viajes (Ventas)<\/strong><br \/>\nPuesto al que reporta: Gerente de Ventas y Reservaciones<br \/>\nN\u00famero de plazas: 1<\/p>\n<p>Horario de trabajo: 09:30 &#8211; 17.30 (variable de acuerdo a las necesidades)<br \/>\nTipo de contrato: Permanente<br \/>\nEducaci\u00f3n o escolaridad: Licenciatura en Turismo<br \/>\nRango de Edad: 23-45 a\u00f1os<\/p>\n<p>Salario Nominal: De acuerdo a experiencia;<br \/>\nExtras : Comisiones sobre venta, de acuerdo a presupuesto<br \/>\nPrestaciones: Prestaciones de ley , Uniformes, Tarjeta Servicios Medicos;<br \/>\nBonos: Para para alimentos (a partir del cumplimiento de 1 a\u00f1o)<\/p>\n<p>Domicilio del trabajo: Oficinas KARMA TRAILS (Prolongacion Flor de Acanto, n. 49, Colonia Palmas II, \u2013 77714 Playa del Carmen) y donde la empresa lo necesite<\/p>\n<p>Genero (Masculino, femenino): Indefinido<\/p>\n<p>Experiencia Laboral:\u00a0 \u00a0Experiencia en turismo y conocimiento de M\u00e8xico como destino tur\u00edstico.<\/p>\n<p>&nbsp;<\/p>\n<p><strong>Generalidades:<\/strong><\/p>\n<p><span style=\"text-decoration: underline;\"><em>Objetivo del puesto:<\/em><\/span><br \/>\nAsesorar los clientes interesados a los productos ofrecidos por la empresa, generando ventas y reservaciones de itinerarios tur\u00edsticos, excursiones, hoteles, transportaci\u00f3n, etc., garantizando constantemente una optima atenci\u00f3n y asistencia al cliente.<\/p>\n<p><span style=\"text-decoration: underline;\"><em>Responsabilidades generales:<\/em><\/span><br \/>\n1. Trabajar de acuerdo a la filosof\u00eda de Karmatrails DMC;<br \/>\n2. Cumplir con el\u00a0Reglamento Interior de Trabajo;<br \/>\n3. Cumplir con los procedimientos y est\u00e1ndares establecidos por\u00a0Karmatrails DMC;<br \/>\n4. Mantener la \u00e9tica profesional en todo momento.<\/p>\n<p><span style=\"text-decoration: underline;\"><em>Responsabilidades especificas:<\/em><\/span><br \/>\n1. Elaborar cotizaciones de circuitos, hoteles, excursiones, vuelos, transfers, renta de autos;<br \/>\n2. Dar seguimiento a las solicitudes de servicios tur\u00edsticos, por correo electr\u00f3nico y llamadas telefonicas;<br \/>\n3. Recibir Grupos al Aeropuerto de Cancun (ocasional);<br \/>\n4. Emitir vouchers o estados de cuentas a favor de clientes;<br \/>\n5. Mantener actualizados todos lo reportes y relaciones departamentales;<br \/>\n6. Apoyar a su Jefe Inmediato en todas las actividades adicionales que se le encomienden en beneficio de su departamento.<\/p>\n<p><span style=\"text-decoration: underline;\"><em>Competencias Profesionales<\/em><\/span><br \/>\n1. Trabajo en equipo<br \/>\n2. Flexibilidad de horarios<br \/>\n3. Control del estr\u00e9s<br \/>\n4. Conocimiento tur\u00edstico del territorio mexicano y de las actividades disponibles<br \/>\n5. Conocimiento oral y escrito de los idiomas italiano e ingles (80% m\u00ednimo requerido)<br \/>\n6. Innovaci\u00f3n y creatividad<br \/>\n7. Iniciativa<\/p>\n<p><span style=\"text-decoration: underline;\"><em>Competencias Sociales<\/em><\/span><br \/>\nCapacidad de comunicaci\u00f3n oral y escrita: nivel avanzado; El conocimiento del idioma italiano constituye titulo preferencial;<\/p>\n<p><span style=\"text-decoration: underline;\"><em>Competencias Personales:<\/em><\/span><br \/>\n1. Decisi\u00f3n<br \/>\n2. Respeto<br \/>\n3. Paciencia<br \/>\n4. Soluci\u00f3n de Problemas<br \/>\n5. Disciplina<br \/>\n6. Relaciones<br \/>\n7. Concentraci\u00f3n<\/p>\n<p><span style=\"text-decoration: underline;\"><em>Competencias t\u00e9cnicas:<\/em><\/span><br \/>\nManejo de Microsoft Office, Outlook, Social Media (Facebook-Twitter), licencia de manejo.<\/p>\n<p>&nbsp;<\/p>\n<h4>Interesados enviar CV a: reclutamiento@karmatrails.com<\/h4>\n","protected":false},"excerpt":{"rendered":"<p>T\u00edtulo del puesto: Asesor de Viajes (Ventas) Puesto al que reporta: Gerente de Ventas y Reservaciones N\u00famero de plazas: 1 Horario de trabajo: 09:30 &#8211; 17.30 (variable de acuerdo a las necesidades) Tipo de contrato: Permanente Educaci\u00f3n o escolaridad: Licenciatura en Turismo Rango de&#8230;<\/p>\n","protected":false},"author":5,"featured_media":0,"parent":0,"menu_order":0,"comment_status":"closed","ping_status":"closed","template":"","meta":{"footnotes":""},"class_list":["post-14126","page","type-page","status-publish","hentry"],"yoast_head":"<!-- This site is optimized with the Yoast SEO plugin v24.3 - https:\/\/yoast.com\/wordpress\/plugins\/seo\/ -->\n<title>Perfil de Puesto: Asesor de Viajes (Ventas) - Karma Trails DMC<\/title>\n<meta name=\"robots\" content=\"index, follow, max-snippet:-1, max-image-preview:large, max-video-preview:-1\" \/>\n<link rel=\"canonical\" href=\"https:\/\/karmatrails.com\/es\/perfil-de-puesto-asesor-de-viajes-ventas\/\" \/>\n<meta property=\"og:locale\" content=\"es_ES\" \/>\n<meta property=\"og:type\" content=\"article\" \/>\n<meta property=\"og:title\" content=\"Perfil de Puesto: Asesor de Viajes (Ventas) - Karma Trails DMC\" \/>\n<meta property=\"og:description\" content=\"T\u00edtulo del puesto: Asesor de Viajes (Ventas) Puesto al que reporta: Gerente de Ventas y Reservaciones N\u00famero de plazas: 1 Horario de trabajo: 09:30 &#8211; 17.30 (variable de acuerdo a las necesidades) Tipo de contrato: Permanente Educaci\u00f3n o escolaridad: Licenciatura en Turismo Rango de...\" \/>\n<meta property=\"og:url\" content=\"https:\/\/karmatrails.com\/es\/perfil-de-puesto-asesor-de-viajes-ventas\/\" \/>\n<meta property=\"og:site_name\" content=\"Karma Trails DMC\" \/>\n<meta property=\"article:publisher\" content=\"https:\/\/www.facebook.com\/karmatrails\/\" \/>\n<meta property=\"article:modified_time\" content=\"2018-07-18T07:01:49+00:00\" \/>\n<meta name=\"twitter:label1\" content=\"Tiempo de lectura\" \/>\n\t<meta name=\"twitter:data1\" content=\"2 minutos\" \/>\n<script type=\"application\/ld+json\" class=\"yoast-schema-graph\">{\"@context\":\"https:\/\/schema.org\",\"@graph\":[{\"@type\":\"WebPage\",\"@id\":\"https:\/\/karmatrails.com\/es\/perfil-de-puesto-asesor-de-viajes-ventas\/\",\"url\":\"https:\/\/karmatrails.com\/es\/perfil-de-puesto-asesor-de-viajes-ventas\/\",\"name\":\"Perfil de Puesto: Asesor de Viajes (Ventas) - Karma Trails DMC\",\"isPartOf\":{\"@id\":\"https:\/\/karmatrails.com\/#website\"},\"datePublished\":\"2016-11-21T17:44:56+00:00\",\"dateModified\":\"2018-07-18T07:01:49+00:00\",\"breadcrumb\":{\"@id\":\"https:\/\/karmatrails.com\/es\/perfil-de-puesto-asesor-de-viajes-ventas\/#breadcrumb\"},\"inLanguage\":\"es\",\"potentialAction\":[{\"@type\":\"ReadAction\",\"target\":[\"https:\/\/karmatrails.com\/es\/perfil-de-puesto-asesor-de-viajes-ventas\/\"]}]},{\"@type\":\"BreadcrumbList\",\"@id\":\"https:\/\/karmatrails.com\/es\/perfil-de-puesto-asesor-de-viajes-ventas\/#breadcrumb\",\"itemListElement\":[{\"@type\":\"ListItem\",\"position\":1,\"name\":\"Home\",\"item\":\"https:\/\/karmatrails.com\/es\/\"},{\"@type\":\"ListItem\",\"position\":2,\"name\":\"Perfil de Puesto: Asesor de Viajes (Ventas)\"}]},{\"@type\":\"WebSite\",\"@id\":\"https:\/\/karmatrails.com\/#website\",\"url\":\"https:\/\/karmatrails.com\/\",\"name\":\"Karma Trails DMC\",\"description\":\"Tailor Made Tours Specialists\",\"potentialAction\":[{\"@type\":\"SearchAction\",\"target\":{\"@type\":\"EntryPoint\",\"urlTemplate\":\"https:\/\/karmatrails.com\/?s={search_term_string}\"},\"query-input\":{\"@type\":\"PropertyValueSpecification\",\"valueRequired\":true,\"valueName\":\"search_term_string\"}}],\"inLanguage\":\"es\"}]}<\/script>\n<!-- \/ Yoast SEO plugin. -->","yoast_head_json":{"title":"Perfil de Puesto: Asesor de Viajes (Ventas) - Karma Trails DMC","robots":{"index":"index","follow":"follow","max-snippet":"max-snippet:-1","max-image-preview":"max-image-preview:large","max-video-preview":"max-video-preview:-1"},"canonical":"https:\/\/karmatrails.com\/es\/perfil-de-puesto-asesor-de-viajes-ventas\/","og_locale":"es_ES","og_type":"article","og_title":"Perfil de Puesto: Asesor de Viajes (Ventas) - Karma Trails DMC","og_description":"T\u00edtulo del puesto: Asesor de Viajes (Ventas) Puesto al que reporta: Gerente de Ventas y Reservaciones N\u00famero de plazas: 1 Horario de trabajo: 09:30 &#8211; 17.30 (variable de acuerdo a las necesidades) Tipo de contrato: Permanente Educaci\u00f3n o escolaridad: Licenciatura en Turismo Rango de...","og_url":"https:\/\/karmatrails.com\/es\/perfil-de-puesto-asesor-de-viajes-ventas\/","og_site_name":"Karma Trails DMC","article_publisher":"https:\/\/www.facebook.com\/karmatrails\/","article_modified_time":"2018-07-18T07:01:49+00:00","twitter_misc":{"Tiempo de lectura":"2 minutos"},"schema":{"@context":"https:\/\/schema.org","@graph":[{"@type":"WebPage","@id":"https:\/\/karmatrails.com\/es\/perfil-de-puesto-asesor-de-viajes-ventas\/","url":"https:\/\/karmatrails.com\/es\/perfil-de-puesto-asesor-de-viajes-ventas\/","name":"Perfil de Puesto: Asesor de Viajes (Ventas) - Karma Trails DMC","isPartOf":{"@id":"https:\/\/karmatrails.com\/#website"},"datePublished":"2016-11-21T17:44:56+00:00","dateModified":"2018-07-18T07:01:49+00:00","breadcrumb":{"@id":"https:\/\/karmatrails.com\/es\/perfil-de-puesto-asesor-de-viajes-ventas\/#breadcrumb"},"inLanguage":"es","potentialAction":[{"@type":"ReadAction","target":["https:\/\/karmatrails.com\/es\/perfil-de-puesto-asesor-de-viajes-ventas\/"]}]},{"@type":"BreadcrumbList","@id":"https:\/\/karmatrails.com\/es\/perfil-de-puesto-asesor-de-viajes-ventas\/#breadcrumb","itemListElement":[{"@type":"ListItem","position":1,"name":"Home","item":"https:\/\/karmatrails.com\/es\/"},{"@type":"ListItem","position":2,"name":"Perfil de Puesto: Asesor de Viajes (Ventas)"}]},{"@type":"WebSite","@id":"https:\/\/karmatrails.com\/#website","url":"https:\/\/karmatrails.com\/","name":"Karma Trails DMC","description":"Tailor Made Tours Specialists","potentialAction":[{"@type":"SearchAction","target":{"@type":"EntryPoint","urlTemplate":"https:\/\/karmatrails.com\/?s={search_term_string}"},"query-input":{"@type":"PropertyValueSpecification","valueRequired":true,"valueName":"search_term_string"}}],"inLanguage":"es"}]}},"_links":{"self":[{"href":"https:\/\/karmatrails.com\/es\/wp-json\/wp\/v2\/pages\/14126","targetHints":{"allow":["GET"]}}],"collection":[{"href":"https:\/\/karmatrails.com\/es\/wp-json\/wp\/v2\/pages"}],"about":[{"href":"https:\/\/karmatrails.com\/es\/wp-json\/wp\/v2\/types\/page"}],"author":[{"embeddable":true,"href":"https:\/\/karmatrails.com\/es\/wp-json\/wp\/v2\/users\/5"}],"replies":[{"embeddable":true,"href":"https:\/\/karmatrails.com\/es\/wp-json\/wp\/v2\/comments?post=14126"}],"version-history":[{"count":12,"href":"https:\/\/karmatrails.com\/es\/wp-json\/wp\/v2\/pages\/14126\/revisions"}],"predecessor-version":[{"id":22190,"href":"https:\/\/karmatrails.com\/es\/wp-json\/wp\/v2\/pages\/14126\/revisions\/22190"}],"wp:attachment":[{"href":"https:\/\/karmatrails.com\/es\/wp-json\/wp\/v2\/media?parent=14126"}],"curies":[{"name":"wp","href":"https:\/\/api.w.org\/{rel}","templated":true}]}}